{"id":435,"date":"2025-07-07T16:44:34","date_gmt":"2025-07-07T14:44:34","guid":{"rendered":"https:\/\/www.ige2.com\/?page_id=435"},"modified":"2026-04-24T13:59:18","modified_gmt":"2026-04-24T11:59:18","slug":"contacto","status":"publish","type":"page","link":"https:\/\/www.ige2.com\/en\/contacto\/","title":{"rendered":"Contact"},"content":{"rendered":"<div data-elementor-type=\"wp-page\" data-elementor-id=\"435\" class=\"elementor elementor-435\" data-elementor-post-type=\"page\">\n\t\t\t\t<div class=\"elementor-element elementor-element-705dac3e e-flex e-con-boxed e-con e-parent\" data-id=\"705dac3e\" data-element_type=\"container\" data-e-type=\"container\" data-settings=\"{&quot;background_background&quot;:&quot;classic&quot;,&quot;ekit_has_onepagescroll_dot&quot;:&quot;yes&quot;}\">\n\t\t\t\t\t<div class=\"e-con-inner\">\n\t\t<div class=\"elementor-element elementor-element-2ea58b5c e-flex e-con-boxed e-con e-child\" data-id=\"2ea58b5c\" data-element_type=\"container\" data-e-type=\"container\" data-settings=\"{&quot;ekit_has_onepagescroll_dot&quot;:&quot;yes&quot;}\">\n\t\t\t\t\t<div class=\"e-con-inner\">\n\t\t\t\t<div class=\"elementor-element elementor-element-43bb5024 elementor-widget elementor-widget-elementskit-heading\" data-id=\"43bb5024\" data-element_type=\"widget\" data-e-type=\"widget\" data-settings=\"{&quot;ekit_we_effect_on&quot;:&quot;none&quot;}\" data-widget_type=\"elementskit-heading.default\">\n\t\t\t\t<div class=\"elementor-widget-container\">\n\t\t\t\t\t<div class=\"ekit-wid-con\" ><div class=\"ekit-heading elementskit-section-title-wraper text_center   ekit_heading_tablet-   ekit_heading_mobile-\"><h1 class=\"ekit-heading--title elementskit-section-title text_fill\">Let's talk about your <span><span>energy bill<\/span><\/span> <\/h1><\/div><\/div>\t\t\t\t<\/div>\n\t\t\t\t<\/div>\n\t\t\t\t\t<\/div>\n\t\t\t\t<\/div>\n\t\t\t\t\t<\/div>\n\t\t\t\t<\/div>\n\t\t<div class=\"elementor-element elementor-element-6ce360d5 e-con-full e-flex e-con e-parent\" data-id=\"6ce360d5\" data-element_type=\"container\" data-e-type=\"container\" data-settings=\"{&quot;background_background&quot;:&quot;classic&quot;,&quot;ekit_has_onepagescroll_dot&quot;:&quot;yes&quot;}\">\n\t\t<div class=\"elementor-element elementor-element-74aa1a06 e-flex e-con-boxed e-con e-child\" data-id=\"74aa1a06\" data-element_type=\"container\" data-e-type=\"container\" data-settings=\"{&quot;ekit_has_onepagescroll_dot&quot;:&quot;yes&quot;}\">\n\t\t\t\t\t<div class=\"e-con-inner\">\n\t\t<div class=\"elementor-element elementor-element-d2827de e-con-full e-flex e-con e-child\" data-id=\"d2827de\" data-element_type=\"container\" data-e-type=\"container\" data-settings=\"{&quot;ekit_has_onepagescroll_dot&quot;:&quot;yes&quot;}\">\n\t\t<div class=\"elementor-element elementor-element-7e025b91 e-con-full e-flex e-con e-child\" data-id=\"7e025b91\" data-element_type=\"container\" data-e-type=\"container\" data-settings=\"{&quot;ekit_has_onepagescroll_dot&quot;:&quot;yes&quot;}\">\n\t\t\t\t<div class=\"elementor-element elementor-element-4323ff7 elementor-position-inline-start elementor-view-default elementor-mobile-position-block-start elementor-widget elementor-widget-icon-box\" data-id=\"4323ff7\" data-element_type=\"widget\" data-e-type=\"widget\" data-settings=\"{&quot;ekit_we_effect_on&quot;:&quot;none&quot;}\" data-widget_type=\"icon-box.default\">\n\t\t\t\t<div class=\"elementor-widget-container\">\n\t\t\t\t\t\t\t<div class=\"elementor-icon-box-wrapper\">\n\n\t\t\t\t\t\t<div class=\"elementor-icon-box-icon\">\n\t\t\t\t<span  class=\"elementor-icon\">\n\t\t\t\t<i aria-hidden=\"true\" class=\"icon icon-map-marker1\"><\/i>\t\t\t\t<\/span>\n\t\t\t<\/div>\n\t\t\t\n\t\t\t\t\t\t<div class=\"elementor-icon-box-content\">\n\n\t\t\t\t\t\t\t\t\t<h2 class=\"elementor-icon-box-title\">\n\t\t\t\t\t\t<span  >\n\t\t\t\t\t\t\tPalencia\t\t\t\t\t\t<\/span>\n\t\t\t\t\t<\/h2>\n\t\t\t\t\n\t\t\t\t\t\t\t\t\t<p class=\"elementor-icon-box-description\">\n\t\t\t\t\t\t<span style=\"white-space:nowrap\">\n<i class=\"fas fa-location-dot\" style=\"color:#e30613;width:16px;display:inline-block\"><\/i>\nHuerta Guadian Promenade, 3 Ground Floor\n<\/span><br>\n\n<span style=\"white-space:nowrap\">\n<i class=\"fas fa-map-pin\" style=\"color:#1e73be;width:16px;display:inline-block\"><\/i>\n34002 Palencia\n<\/span><br>\n\n<span style=\"white-space:nowrap\">\n<i class=\"fas fa-phone-alt\" style=\"color:#000;width:16px;display:inline-block\"><\/i>\n<a href=\"tel:636707600\">636 707 600<\/a> \n<\/span>\t\t\t\t\t<\/p>\n\t\t\t\t\n\t\t\t<\/div>\n\t\t\t\n\t\t<\/div>\n\t\t\t\t\t\t<\/div>\n\t\t\t\t<\/div>\n\t\t\t\t<div class=\"elementor-element elementor-element-28a7e61 elementor-shape-circle e-grid-align-left e-grid-align-tablet-center elementor-grid-0 elementor-widget elementor-widget-social-icons\" data-id=\"28a7e61\" data-element_type=\"widget\" data-e-type=\"widget\" data-settings=\"{&quot;ekit_we_effect_on&quot;:&quot;none&quot;}\" data-widget_type=\"social-icons.default\">\n\t\t\t\t<div class=\"elementor-widget-container\">\n\t\t\t\t\t\t\t<div class=\"elementor-social-icons-wrapper elementor-grid\" role=\"list\">\n\t\t\t\t\t\t\t<span class=\"elementor-grid-item\" role=\"listitem\">\n\t\t\t\t\t<a class=\"elementor-icon elementor-social-icon elementor-social-icon-facebook elementor-animation-float elementor-repeater-item-3d6ce5b\" href=\"http:\/\/www.facebook.com\/IGe2energia\" target=\"_blank\">\n\t\t\t\t\t\t<span class=\"elementor-screen-only\">Facebook<\/span>\n\t\t\t\t\t\t<i aria-hidden=\"true\" class=\"fab fa-facebook\"><\/i>\t\t\t\t\t<\/a>\n\t\t\t\t<\/span>\n\t\t\t\t\t\t\t<span class=\"elementor-grid-item\" role=\"listitem\">\n\t\t\t\t\t<a class=\"elementor-icon elementor-social-icon elementor-social-icon-x-twitter elementor-animation-float elementor-repeater-item-3f68423\" href=\"https:\/\/twitter.com\/Ige2E\" target=\"_blank\">\n\t\t\t\t\t\t<span class=\"elementor-screen-only\">X<\/span>\n\t\t\t\t\t\t<i aria-hidden=\"true\" class=\"fab fa-x-twitter\"><\/i>\t\t\t\t\t<\/a>\n\t\t\t\t<\/span>\n\t\t\t\t\t\t\t<span class=\"elementor-grid-item\" role=\"listitem\">\n\t\t\t\t\t<a class=\"elementor-icon elementor-social-icon elementor-social-icon-linkedin elementor-animation-float elementor-repeater-item-e9d5a3d\" href=\"https:\/\/www.linkedin.com\/company\/ige2-energia\" target=\"_blank\">\n\t\t\t\t\t\t<span class=\"elementor-screen-only\">LinkedIn<\/span>\n\t\t\t\t\t\t<i aria-hidden=\"true\" class=\"fab fa-linkedin\"><\/i>\t\t\t\t\t<\/a>\n\t\t\t\t<\/span>\n\t\t\t\t\t<\/div>\n\t\t\t\t\t\t<\/div>\n\t\t\t\t<\/div>\n\t\t\t\t<\/div>\n\t\t<div class=\"elementor-element elementor-element-2101afec e-con-full e-flex e-con e-child\" data-id=\"2101afec\" data-element_type=\"container\" data-e-type=\"container\" data-settings=\"{&quot;background_background&quot;:&quot;gradient&quot;,&quot;ekit_has_onepagescroll_dot&quot;:&quot;yes&quot;}\">\n\t\t\t\t<div class=\"elementor-element elementor-element-5fa629c6 elementor-widget elementor-widget-heading\" data-id=\"5fa629c6\" data-element_type=\"widget\" data-e-type=\"widget\" data-settings=\"{&quot;ekit_we_effect_on&quot;:&quot;none&quot;}\" data-widget_type=\"heading.default\">\n\t\t\t\t<div class=\"elementor-widget-container\">\n\t\t\t\t\t<h2 class=\"elementor-heading-title elementor-size-default\">Send a message<\/h2>\t\t\t\t<\/div>\n\t\t\t\t<\/div>\n\t\t\t\t<div class=\"elementor-element elementor-element-e77d8bc uael-cf7-btn-size-md uael-cf7-style-box uael-cf7-input-size-sm uael-cf7-button-left uael-cf7-highlight-style-default elementor-widget elementor-widget-uael-cf7-styler\" data-id=\"e77d8bc\" data-element_type=\"widget\" data-e-type=\"widget\" data-settings=\"{&quot;ekit_we_effect_on&quot;:&quot;none&quot;}\" data-widget_type=\"uael-cf7-styler.default\">\n\t\t\t\t<div class=\"elementor-widget-container\">\n\t\t\t\t\t\t\t\t\t<div class = \"uael-cf7-container\">\n\t\t\t\t\t\t<div class = \"uael-cf7 uael-cf7-style elementor-clickable\">\n\t\t\t\t\t\t\n<div class=\"wpcf7 no-js\" id=\"wpcf7-f5-o1\" lang=\"es-ES\" dir=\"ltr\" data-wpcf7-id=\"5\">\n<div class=\"screen-reader-response\"><p role=\"status\" aria-live=\"polite\" aria-atomic=\"true\"><\/p> <ul><\/ul><\/div>\n<form action=\"\/en\/wp-json\/wp\/v2\/pages\/435#wpcf7-f5-o1\" method=\"post\" class=\"wpcf7-form init\" aria-label=\"Formulario de contacto\" novalidate=\"novalidate\" data-status=\"init\" data-trp-original-action=\"\/en\/wp-json\/wp\/v2\/pages\/435#wpcf7-f5-o1\">\n<fieldset class=\"hidden-fields-container\"><input type=\"hidden\" name=\"_wpcf7\" value=\"5\" \/><input type=\"hidden\" name=\"_wpcf7_version\" value=\"6.1.5\" \/><input type=\"hidden\" name=\"_wpcf7_locale\" value=\"es_ES\" \/><input type=\"hidden\" name=\"_wpcf7_unit_tag\" value=\"wpcf7-f5-o1\" \/><input type=\"hidden\" name=\"_wpcf7_container_post\" value=\"0\" \/><input type=\"hidden\" name=\"_wpcf7_posted_data_hash\" value=\"\" \/>\n<\/fieldset>\n<p><label for=\"your-name\">Your name<\/label>\n<\/p>\n<p><span class=\"wpcf7-form-control-wrap\" data-name=\"your-name\"><input size=\"40\" maxlength=\"400\" class=\"wpcf7-form-control wpcf7-text wpcf7-validates-as-required\" id=\"your-name\" aria-required=\"true\" aria-invalid=\"false\" value=\"\" type=\"text\" name=\"your-name\" \/><\/span>\n<\/p>\n<p><label for=\"your-email\">Your email<\/label>\n<\/p>\n<p><span class=\"wpcf7-form-control-wrap\" data-name=\"your-email\"><input size=\"40\" maxlength=\"400\" class=\"wpcf7-form-control wpcf7-email wpcf7-validates-as-required wpcf7-text wpcf7-validates-as-email\" id=\"your-email\" aria-required=\"true\" aria-invalid=\"false\" value=\"\" type=\"email\" name=\"your-email\" \/><\/span>\n<\/p>\n<p><label for=\"your-subject\">Subject<\/label>\n<\/p>\n<p><span class=\"wpcf7-form-control-wrap\" data-name=\"your-subject\"><input size=\"40\" maxlength=\"400\" class=\"wpcf7-form-control wpcf7-text wpcf7-validates-as-required\" id=\"your-subject\" aria-required=\"true\" aria-invalid=\"false\" value=\"\" type=\"text\" name=\"your-subject\" \/><\/span>\n<\/p>\n<p><label for=\"your-message\">Your message<\/label>\n<\/p>\n<p><span class=\"wpcf7-form-control-wrap\" data-name=\"your-message\"><textarea cols=\"40\" rows=\"10\" maxlength=\"2000\" class=\"wpcf7-form-control wpcf7-textarea wpcf7-validates-as-required\" id=\"your-message\" aria-required=\"true\" aria-invalid=\"false\" name=\"your-message\"><\/textarea><\/span>\n<\/p>\n<p><span class=\"wpcf7-form-control-wrap\" data-name=\"acceptance-RGPD\"><span class=\"wpcf7-form-control wpcf7-acceptance\"><span class=\"wpcf7-list-item\"><label><input type=\"checkbox\" name=\"acceptance-RGPD\" value=\"1\" aria-invalid=\"false\" \/><span class=\"wpcf7-list-item-label\">I have read and agree to the <a href=\"..\/politica-de-privacidad\/\">Privacy policy<\/a><\/span><\/label><\/span><\/span><\/span>\n<\/p>\n<p><input class=\"wpcf7-form-control wpcf7-submit has-spinner\" type=\"submit\" value=\"Send\" \/>\n<\/p>\n<div class=\"wpcf7-response-output\" aria-hidden=\"true\"><\/div>\n<input type=\"hidden\" name=\"trp-form-language\" value=\"en\"\/><\/form>\n<\/div>\n\t\t\t\t\t<\/div>\n\t\t\t\t<\/div>\n\t\t\t\t\t\t\t\t<\/div>\n\t\t\t\t<\/div>\n\t\t\t\t<\/div>\n\t\t\t\t<\/div>\n\t\t\t\t\t<\/div>\n\t\t\t\t<\/div>\n\t\t\t\t<\/div>\n\t\t\t\t<\/div>","protected":false},"excerpt":{"rendered":"<p>Hablemos de tu factura energ\u00e9tica PALENCIA Paseo Huerta Guadi\u00e1n, 3 Bajo 34002 Palencia 636 707 600 Facebook X-twitter Linkedin Env\u00eda un mensaje Tu nombre Tu correo electr\u00f3nico Asunto Tu mensaje He le\u00eddo y acepto la pol\u00edtica de privacidad<\/p>","protected":false},"author":1,"featured_media":0,"parent":0,"menu_order":6,"comment_status":"closed","ping_status":"closed","template":"","meta":{"_joinchat":[],"footnotes":""},"class_list":["post-435","page","type-page","status-publish","hentry"],"yoast_head":"<!-- This site is optimized with the Yoast SEO plugin v27.5 - https:\/\/yoast.com\/product\/yoast-seo-wordpress\/ -->\n<title>Contacto - IGe2 Energ\u00eda<\/title>\n<meta name=\"description\" content=\"Contacta con nuestro equipo de asesor\u00eda energ\u00e9tica. Estudio gratuito para reducir costes en luz y gas, eficiencia energ\u00e9tica y autoconsumo.\" \/>\n<meta name=\"robots\" content=\"index, follow, max-snippet:-1, max-image-preview:large, max-video-preview:-1\" \/>\n<link rel=\"canonical\" href=\"https:\/\/www.ige2.com\/en\/contacto\/\" \/>\n<meta property=\"og:locale\" content=\"en_US\" \/>\n<meta property=\"og:type\" content=\"article\" \/>\n<meta property=\"og:title\" content=\"Contacto - IGe2 Energ\u00eda\" \/>\n<meta property=\"og:description\" content=\"Contacta con nuestro equipo de asesor\u00eda energ\u00e9tica. Estudio gratuito para reducir costes en luz y gas, eficiencia energ\u00e9tica y autoconsumo.\" \/>\n<meta property=\"og:url\" content=\"https:\/\/www.ige2.com\/en\/contacto\/\" \/>\n<meta property=\"og:site_name\" content=\"IGe2 Energ\u00eda\" \/>\n<meta property=\"article:publisher\" content=\"http:\/\/www.facebook.com\/IGe2energia\" \/>\n<meta property=\"article:modified_time\" content=\"2026-04-24T11:59:18+00:00\" \/>\n<meta name=\"twitter:card\" content=\"summary_large_image\" \/>\n<meta name=\"twitter:site\" content=\"@Ige2E\" \/>\n<script type=\"application\/ld+json\" class=\"yoast-schema-graph\">{\"@context\":\"https:\\\/\\\/schema.org\",\"@graph\":[{\"@type\":\"WebPage\",\"@id\":\"https:\\\/\\\/www.ige2.com\\\/contacto\\\/\",\"url\":\"https:\\\/\\\/www.ige2.com\\\/contacto\\\/\",\"name\":\"Contacto - IGe2 Energ\u00eda\",\"isPartOf\":{\"@id\":\"https:\\\/\\\/www.ige2.com\\\/#website\"},\"datePublished\":\"2025-07-07T14:44:34+00:00\",\"dateModified\":\"2026-04-24T11:59:18+00:00\",\"description\":\"Contacta con nuestro equipo de asesor\u00eda energ\u00e9tica. Estudio gratuito para reducir costes en luz y gas, eficiencia energ\u00e9tica y autoconsumo.\",\"breadcrumb\":{\"@id\":\"https:\\\/\\\/www.ige2.com\\\/contacto\\\/#breadcrumb\"},\"inLanguage\":\"en-US\",\"potentialAction\":[{\"@type\":\"ReadAction\",\"target\":[\"https:\\\/\\\/www.ige2.com\\\/contacto\\\/\"]}]},{\"@type\":\"BreadcrumbList\",\"@id\":\"https:\\\/\\\/www.ige2.com\\\/contacto\\\/#breadcrumb\",\"itemListElement\":[{\"@type\":\"ListItem\",\"position\":1,\"name\":\"Inicio\",\"item\":\"https:\\\/\\\/www.ige2.com\\\/\"},{\"@type\":\"ListItem\",\"position\":2,\"name\":\"Contacto\"}]},{\"@type\":\"WebSite\",\"@id\":\"https:\\\/\\\/www.ige2.com\\\/#website\",\"url\":\"https:\\\/\\\/www.ige2.com\\\/\",\"name\":\"IGe2 Energ\u00eda\",\"description\":\"Asesores energ\u00e9ticos\",\"publisher\":{\"@id\":\"https:\\\/\\\/www.ige2.com\\\/#organization\"},\"potentialAction\":[{\"@type\":\"SearchAction\",\"target\":{\"@type\":\"EntryPoint\",\"urlTemplate\":\"https:\\\/\\\/www.ige2.com\\\/?s={search_term_string}\"},\"query-input\":{\"@type\":\"PropertyValueSpecification\",\"valueRequired\":true,\"valueName\":\"search_term_string\"}}],\"inLanguage\":\"en-US\"},{\"@type\":\"Organization\",\"@id\":\"https:\\\/\\\/www.ige2.com\\\/#organization\",\"name\":\"IGe2 Energ\u00eda\",\"url\":\"https:\\\/\\\/www.ige2.com\\\/\",\"logo\":{\"@type\":\"ImageObject\",\"inLanguage\":\"en-US\",\"@id\":\"https:\\\/\\\/www.ige2.com\\\/#\\\/schema\\\/logo\\\/image\\\/\",\"url\":\"https:\\\/\\\/www.ige2.com\\\/wp-content\\\/uploads\\\/2026\\\/04\\\/IGe2_Verde_ClaroRecurso-11x-e1589913511656.png\",\"contentUrl\":\"https:\\\/\\\/www.ige2.com\\\/wp-content\\\/uploads\\\/2026\\\/04\\\/IGe2_Verde_ClaroRecurso-11x-e1589913511656.png\",\"width\":200,\"height\":116,\"caption\":\"IGe2 Energ\u00eda\"},\"image\":{\"@id\":\"https:\\\/\\\/www.ige2.com\\\/#\\\/schema\\\/logo\\\/image\\\/\"},\"sameAs\":[\"http:\\\/\\\/www.facebook.com\\\/IGe2energia\",\"https:\\\/\\\/x.com\\\/Ige2E\",\"https:\\\/\\\/www.linkedin.com\\\/company\\\/ige2-energia\"]}]}<\/script>\n<!-- \/ Yoast SEO plugin. -->","yoast_head_json":{"title":"Contact - IGe2 Energy","description":"Contact our energy consulting team. Free study to reduce electricity and gas costs, energy efficiency, and self-consumption.","robots":{"index":"index","follow":"follow","max-snippet":"max-snippet:-1","max-image-preview":"max-image-preview:large","max-video-preview":"max-video-preview:-1"},"canonical":"https:\/\/www.ige2.com\/en\/contacto\/","og_locale":"en_US","og_type":"article","og_title":"Contacto - IGe2 Energ\u00eda","og_description":"Contacta con nuestro equipo de asesor\u00eda energ\u00e9tica. Estudio gratuito para reducir costes en luz y gas, eficiencia energ\u00e9tica y autoconsumo.","og_url":"https:\/\/www.ige2.com\/en\/contacto\/","og_site_name":"IGe2 Energ\u00eda","article_publisher":"http:\/\/www.facebook.com\/IGe2energia","article_modified_time":"2026-04-24T11:59:18+00:00","twitter_card":"summary_large_image","twitter_site":"@Ige2E","schema":{"@context":"https:\/\/schema.org","@graph":[{"@type":"WebPage","@id":"https:\/\/www.ige2.com\/contacto\/","url":"https:\/\/www.ige2.com\/contacto\/","name":"Contact - IGe2 Energy","isPartOf":{"@id":"https:\/\/www.ige2.com\/#website"},"datePublished":"2025-07-07T14:44:34+00:00","dateModified":"2026-04-24T11:59:18+00:00","description":"Contact our energy consulting team. Free study to reduce electricity and gas costs, energy efficiency, and self-consumption.","breadcrumb":{"@id":"https:\/\/www.ige2.com\/contacto\/#breadcrumb"},"inLanguage":"en-US","potentialAction":[{"@type":"ReadAction","target":["https:\/\/www.ige2.com\/contacto\/"]}]},{"@type":"BreadcrumbList","@id":"https:\/\/www.ige2.com\/contacto\/#breadcrumb","itemListElement":[{"@type":"ListItem","position":1,"name":"Inicio","item":"https:\/\/www.ige2.com\/"},{"@type":"ListItem","position":2,"name":"Contacto"}]},{"@type":"WebSite","@id":"https:\/\/www.ige2.com\/#website","url":"https:\/\/www.ige2.com\/","name":"IGe2 Energy","description":"Energy consultants","publisher":{"@id":"https:\/\/www.ige2.com\/#organization"},"potentialAction":[{"@type":"SearchAction","target":{"@type":"EntryPoint","urlTemplate":"https:\/\/www.ige2.com\/?s={search_term_string}"},"query-input":{"@type":"PropertyValueSpecification","valueRequired":true,"valueName":"search_term_string"}}],"inLanguage":"en-US"},{"@type":"Organization","@id":"https:\/\/www.ige2.com\/#organization","name":"IGe2 Energy","url":"https:\/\/www.ige2.com\/","logo":{"@type":"ImageObject","inLanguage":"en-US","@id":"https:\/\/www.ige2.com\/#\/schema\/logo\/image\/","url":"https:\/\/www.ige2.com\/wp-content\/uploads\/2026\/04\/IGe2_Verde_ClaroRecurso-11x-e1589913511656.png","contentUrl":"https:\/\/www.ige2.com\/wp-content\/uploads\/2026\/04\/IGe2_Verde_ClaroRecurso-11x-e1589913511656.png","width":200,"height":116,"caption":"IGe2 Energ\u00eda"},"image":{"@id":"https:\/\/www.ige2.com\/#\/schema\/logo\/image\/"},"sameAs":["http:\/\/www.facebook.com\/IGe2energia","https:\/\/x.com\/Ige2E","https:\/\/www.linkedin.com\/company\/ige2-energia"]}]}},"_links":{"self":[{"href":"https:\/\/www.ige2.com\/en\/wp-json\/wp\/v2\/pages\/435","targetHints":{"allow":["GET"]}}],"collection":[{"href":"https:\/\/www.ige2.com\/en\/wp-json\/wp\/v2\/pages"}],"about":[{"href":"https:\/\/www.ige2.com\/en\/wp-json\/wp\/v2\/types\/page"}],"author":[{"embeddable":true,"href":"https:\/\/www.ige2.com\/en\/wp-json\/wp\/v2\/users\/1"}],"replies":[{"embeddable":true,"href":"https:\/\/www.ige2.com\/en\/wp-json\/wp\/v2\/comments?post=435"}],"version-history":[{"count":50,"href":"https:\/\/www.ige2.com\/en\/wp-json\/wp\/v2\/pages\/435\/revisions"}],"predecessor-version":[{"id":1308,"href":"https:\/\/www.ige2.com\/en\/wp-json\/wp\/v2\/pages\/435\/revisions\/1308"}],"wp:attachment":[{"href":"https:\/\/www.ige2.com\/en\/wp-json\/wp\/v2\/media?parent=435"}],"curies":[{"name":"wp","href":"https:\/\/api.w.org\/{rel}","templated":true}]}}