{"id":1143,"date":"2026-04-16T17:11:42","date_gmt":"2026-04-16T15:11:42","guid":{"rendered":"https:\/\/www.ige2.com\/?page_id=1143"},"modified":"2026-04-21T17:08:48","modified_gmt":"2026-04-21T15:08:48","slug":"ayudas-y-subvenciones","status":"publish","type":"page","link":"https:\/\/www.ige2.com\/en\/ayudas-y-subvenciones\/","title":{"rendered":"Aid and subsidies"},"content":{"rendered":"<div data-elementor-type=\"wp-page\" data-elementor-id=\"1143\" class=\"elementor elementor-1143\" data-elementor-post-type=\"page\">\n\t\t\t\t<div class=\"elementor-element elementor-element-337930ec e-flex e-con-boxed e-con e-parent\" data-id=\"337930ec\" data-element_type=\"container\" data-e-type=\"container\" data-settings=\"{&quot;background_background&quot;:&quot;classic&quot;,&quot;ekit_has_onepagescroll_dot&quot;:&quot;yes&quot;}\">\n\t\t\t\t\t<div class=\"e-con-inner\">\n\t\t<div class=\"elementor-element elementor-element-20ac2693 e-flex e-con-boxed e-con e-child\" data-id=\"20ac2693\" data-element_type=\"container\" data-e-type=\"container\" data-settings=\"{&quot;ekit_has_onepagescroll_dot&quot;:&quot;yes&quot;}\">\n\t\t\t\t\t<div class=\"e-con-inner\">\n\t\t\t\t<div class=\"elementor-element elementor-element-2f33caa3 elementor-widget elementor-widget-elementskit-heading\" data-id=\"2f33caa3\" data-element_type=\"widget\" data-e-type=\"widget\" data-settings=\"{&quot;ekit_we_effect_on&quot;:&quot;none&quot;}\" data-widget_type=\"elementskit-heading.default\">\n\t\t\t\t<div class=\"elementor-widget-container\">\n\t\t\t\t\t<div class=\"ekit-wid-con\" ><div class=\"ekit-heading elementskit-section-title-wraper text_center   ekit_heading_tablet-   ekit_heading_mobile-\"><h1 class=\"ekit-heading--title elementskit-section-title text_fill\">Ayudas y <span><span>subvenciones<\/span><\/span><\/h1><\/div><\/div>\t\t\t\t<\/div>\n\t\t\t\t<\/div>\n\t\t\t\t\t<\/div>\n\t\t\t\t<\/div>\n\t\t\t\t\t<\/div>\n\t\t\t\t<\/div>\n\t\t<div class=\"elementor-element elementor-element-1babecdc e-flex e-con-boxed e-con e-parent\" data-id=\"1babecdc\" data-element_type=\"container\" data-e-type=\"container\" data-settings=\"{&quot;background_background&quot;:&quot;classic&quot;,&quot;ekit_has_onepagescroll_dot&quot;:&quot;yes&quot;}\">\n\t\t\t\t\t<div class=\"e-con-inner\">\n\t\t<div class=\"elementor-element elementor-element-2d7496c e-con-full e-flex e-con e-child\" data-id=\"2d7496c\" data-element_type=\"container\" data-e-type=\"container\" data-settings=\"{&quot;ekit_has_onepagescroll_dot&quot;:&quot;yes&quot;}\">\n\t\t\t\t<div class=\"elementor-element elementor-element-710828da elementor-widget elementor-widget-image\" data-id=\"710828da\" data-element_type=\"widget\" data-e-type=\"widget\" data-settings=\"{&quot;ekit_we_effect_on&quot;:&quot;none&quot;}\" data-widget_type=\"image.default\">\n\t\t\t\t<div class=\"elementor-widget-container\">\n\t\t\t\t\t\t\t\t\t\t\t\t\t\t\t<img fetchpriority=\"high\" decoding=\"async\" width=\"900\" height=\"1200\" src=\"https:\/\/www.ige2.com\/wp-content\/uploads\/2026\/04\/closeup-of-compact-fluorescent-lamp-on-euro-coins-2026-03-18-06-50-40-utc.jpg\" class=\"attachment-full size-full wp-image-1158\" alt=\"iGe2 Energy\" srcset=\"https:\/\/www.ige2.com\/wp-content\/uploads\/2026\/04\/closeup-of-compact-fluorescent-lamp-on-euro-coins-2026-03-18-06-50-40-utc.jpg 900w, https:\/\/www.ige2.com\/wp-content\/uploads\/2026\/04\/closeup-of-compact-fluorescent-lamp-on-euro-coins-2026-03-18-06-50-40-utc-225x300.jpg 225w, https:\/\/www.ige2.com\/wp-content\/uploads\/2026\/04\/closeup-of-compact-fluorescent-lamp-on-euro-coins-2026-03-18-06-50-40-utc-768x1024.jpg 768w, https:\/\/www.ige2.com\/wp-content\/uploads\/2026\/04\/closeup-of-compact-fluorescent-lamp-on-euro-coins-2026-03-18-06-50-40-utc-9x12.jpg 9w\" sizes=\"(max-width: 900px) 100vw, 900px\" \/>\t\t\t\t\t\t\t\t\t\t\t\t\t\t\t<\/div>\n\t\t\t\t<\/div>\n\t\t\t\t<\/div>\n\t\t<div class=\"elementor-element elementor-element-7336e4dc e-con-full e-flex e-con e-child\" data-id=\"7336e4dc\" data-element_type=\"container\" data-e-type=\"container\" data-settings=\"{&quot;ekit_has_onepagescroll_dot&quot;:&quot;yes&quot;}\">\n\t\t\t\t<div class=\"elementor-element elementor-element-410b9eed elementor-invisible elementor-widget elementor-widget-heading\" data-id=\"410b9eed\" data-element_type=\"widget\" data-e-type=\"widget\" data-settings=\"{&quot;_animation&quot;:&quot;fadeInUp&quot;,&quot;_animation_delay&quot;:200,&quot;ekit_we_effect_on&quot;:&quot;none&quot;}\" data-widget_type=\"heading.default\">\n\t\t\t\t<div class=\"elementor-widget-container\">\n\t\t\t\t\t<h2 class=\"elementor-heading-title elementor-size-default\">Ayudas energ\u00e9ticas y CAEs<\/h2>\t\t\t\t<\/div>\n\t\t\t\t<\/div>\n\t\t\t\t<div class=\"elementor-element elementor-element-45ae8d00 elementor-widget elementor-widget-text-editor\" data-id=\"45ae8d00\" data-element_type=\"widget\" data-e-type=\"widget\" data-settings=\"{&quot;ekit_we_effect_on&quot;:&quot;none&quot;}\" data-widget_type=\"text-editor.default\">\n\t\t\t\t<div class=\"elementor-widget-container\">\n\t\t\t\t\t\t\t\t\t<p style=\"font-weight: 400;\">Siempre hay que tener presente, y adem\u00e1s de tener presente la amortizaci\u00f3n de la inversi\u00f3n, debemos aprovechar las ayudas y subvenciones que disponemos.<\/p><p style=\"font-weight: 400;\">El entramado, de las subvenciones y conceptos t\u00e9cnicos, como los <strong>\u201cCAE\u00b4s\u201d<\/strong> \u201cCertificados de Ahorro Energ\u00e9ticos\u201d, que son ayudas y subvenciones \u201cf\u00e1ciles\u201d de obtener, pero complejas de manejar, hace que nuestras industrias sean menos competitivas que el resto de Europa, quedando atr\u00e1s en la carrera empresarial.<\/p><p style=\"font-weight: 400;\">Estas ayudas destinadas al ahorro energ\u00e9tico e implantadas desde enero de 2023, desconocidas para muchas empresas, son el alma de las subvenciones energ\u00e9ticas en el presente y futuro que hay que conocer y tramitar de forma r\u00e1pida y \u00e1gil. <strong>Estas ayudas o subvenciones pueden ser muy importantes econ\u00f3micamente llegando a veces al 100% de la inversi\u00f3n.<\/strong> <strong>IGe2 Energia, slu.<\/strong> ofrece la posibilidad de realizar la instalaci\u00f3n llave en mano, donde nos encargamos absolutamente de toda, estudios de viabilidad, certificados energ\u00e9ticos, tramitaci\u00f3n, gesti\u00f3n de los CAEs y realizaci\u00f3n de la obra, con la gran ventaja de que el cliente obtenga los certificados o el dinero de una forma \u00e1gil y sencilla.<\/p><p><span style=\"font-weight: 400;\">Una de las ayudas olvidades y no tramitadas, (que se est\u00e1n perdiendo por desconocimiento y su gesti\u00f3n) son los CAEs que corresponden a las <strong>Comunidades de Propietarios<\/strong> que se conectan a las redes de calor, donde los beneficiarios que son las comunidades de propietarios y no las empresas distribuidoras del calor, con contratos de cesios, que en muchos casos, no son transparentes y adaptados a su legalidad<\/span><\/p>\t\t\t\t\t\t\t\t<\/div>\n\t\t\t\t<\/div>\n\t\t\t\t<\/div>\n\t\t\t\t\t<\/div>\n\t\t\t\t<\/div>\n\t\t\t\t<\/div>","protected":false},"excerpt":{"rendered":"<p>Ayudas y subvenciones Ayudas energ\u00e9ticas y CAEs Siempre hay que tener presente, y adem\u00e1s de tener presente la amortizaci\u00f3n de la inversi\u00f3n, debemos aprovechar las ayudas y subvenciones que disponemos. El entramado, de las subvenciones y conceptos t\u00e9cnicos, como los \u201cCAE\u00b4s\u201d \u201cCertificados de Ahorro Energ\u00e9ticos\u201d, que son ayudas y subvenciones \u201cf\u00e1ciles\u201d de obtener, pero complejas [&hellip;]<\/p>\n","protected":false},"author":1,"featured_media":0,"parent":0,"menu_order":4,"comment_status":"closed","ping_status":"closed","template":"","meta":{"_joinchat":[],"footnotes":""},"class_list":["post-1143","page","type-page","status-publish","hentry"],"yoast_head":"<!-- This site is optimized with the Yoast SEO plugin v27.5 - https:\/\/yoast.com\/product\/yoast-seo-wordpress\/ -->\n<title>Ayudas y subvenciones - IGe2 Energ\u00eda<\/title>\n<meta name=\"description\" content=\"Gesti\u00f3n de ayudas energ\u00e9ticas y CAEs. Tramitamos subvenciones para autoconsumo y eficiencia energ\u00e9tica con financiaci\u00f3n y llave en mano.\" \/>\n<meta name=\"robots\" content=\"index, follow, max-snippet:-1, max-image-preview:large, max-video-preview:-1\" \/>\n<link rel=\"canonical\" href=\"https:\/\/www.ige2.com\/en\/ayudas-y-subvenciones\/\" \/>\n<meta property=\"og:locale\" content=\"en_US\" \/>\n<meta property=\"og:type\" content=\"article\" \/>\n<meta property=\"og:title\" content=\"Ayudas y subvenciones - IGe2 Energ\u00eda\" \/>\n<meta property=\"og:description\" content=\"Gesti\u00f3n de ayudas energ\u00e9ticas y CAEs. Tramitamos subvenciones para autoconsumo y eficiencia energ\u00e9tica con financiaci\u00f3n y llave en mano.\" \/>\n<meta property=\"og:url\" content=\"https:\/\/www.ige2.com\/en\/ayudas-y-subvenciones\/\" \/>\n<meta property=\"og:site_name\" content=\"IGe2 Energ\u00eda\" \/>\n<meta property=\"article:publisher\" content=\"http:\/\/www.facebook.com\/IGe2energia\" \/>\n<meta property=\"article:modified_time\" content=\"2026-04-21T15:08:48+00:00\" \/>\n<meta property=\"og:image\" content=\"https:\/\/www.ige2.com\/wp-content\/uploads\/2026\/04\/closeup-of-compact-fluorescent-lamp-on-euro-coins-2026-03-18-06-50-40-utc.jpg\" \/>\n<meta name=\"twitter:card\" content=\"summary_large_image\" \/>\n<meta name=\"twitter:site\" content=\"@Ige2E\" \/>\n<script type=\"application\/ld+json\" class=\"yoast-schema-graph\">{\"@context\":\"https:\\\/\\\/schema.org\",\"@graph\":[{\"@type\":\"WebPage\",\"@id\":\"https:\\\/\\\/www.ige2.com\\\/ayudas-y-subvenciones\\\/\",\"url\":\"https:\\\/\\\/www.ige2.com\\\/ayudas-y-subvenciones\\\/\",\"name\":\"Ayudas y subvenciones - IGe2 Energ\u00eda\",\"isPartOf\":{\"@id\":\"https:\\\/\\\/www.ige2.com\\\/#website\"},\"primaryImageOfPage\":{\"@id\":\"https:\\\/\\\/www.ige2.com\\\/ayudas-y-subvenciones\\\/#primaryimage\"},\"image\":{\"@id\":\"https:\\\/\\\/www.ige2.com\\\/ayudas-y-subvenciones\\\/#primaryimage\"},\"thumbnailUrl\":\"https:\\\/\\\/www.ige2.com\\\/wp-content\\\/uploads\\\/2026\\\/04\\\/closeup-of-compact-fluorescent-lamp-on-euro-coins-2026-03-18-06-50-40-utc.jpg\",\"datePublished\":\"2026-04-16T15:11:42+00:00\",\"dateModified\":\"2026-04-21T15:08:48+00:00\",\"description\":\"Gesti\u00f3n de ayudas energ\u00e9ticas y CAEs. Tramitamos subvenciones para autoconsumo y eficiencia energ\u00e9tica con financiaci\u00f3n y llave en mano.\",\"breadcrumb\":{\"@id\":\"https:\\\/\\\/www.ige2.com\\\/ayudas-y-subvenciones\\\/#breadcrumb\"},\"inLanguage\":\"en-US\",\"potentialAction\":[{\"@type\":\"ReadAction\",\"target\":[\"https:\\\/\\\/www.ige2.com\\\/ayudas-y-subvenciones\\\/\"]}]},{\"@type\":\"ImageObject\",\"inLanguage\":\"en-US\",\"@id\":\"https:\\\/\\\/www.ige2.com\\\/ayudas-y-subvenciones\\\/#primaryimage\",\"url\":\"https:\\\/\\\/www.ige2.com\\\/wp-content\\\/uploads\\\/2026\\\/04\\\/closeup-of-compact-fluorescent-lamp-on-euro-coins-2026-03-18-06-50-40-utc.jpg\",\"contentUrl\":\"https:\\\/\\\/www.ige2.com\\\/wp-content\\\/uploads\\\/2026\\\/04\\\/closeup-of-compact-fluorescent-lamp-on-euro-coins-2026-03-18-06-50-40-utc.jpg\"},{\"@type\":\"BreadcrumbList\",\"@id\":\"https:\\\/\\\/www.ige2.com\\\/ayudas-y-subvenciones\\\/#breadcrumb\",\"itemListElement\":[{\"@type\":\"ListItem\",\"position\":1,\"name\":\"Inicio\",\"item\":\"https:\\\/\\\/www.ige2.com\\\/\"},{\"@type\":\"ListItem\",\"position\":2,\"name\":\"Ayudas y subvenciones\"}]},{\"@type\":\"WebSite\",\"@id\":\"https:\\\/\\\/www.ige2.com\\\/#website\",\"url\":\"https:\\\/\\\/www.ige2.com\\\/\",\"name\":\"IGe2 Energ\u00eda\",\"description\":\"Asesores energ\u00e9ticos\",\"publisher\":{\"@id\":\"https:\\\/\\\/www.ige2.com\\\/#organization\"},\"potentialAction\":[{\"@type\":\"SearchAction\",\"target\":{\"@type\":\"EntryPoint\",\"urlTemplate\":\"https:\\\/\\\/www.ige2.com\\\/?s={search_term_string}\"},\"query-input\":{\"@type\":\"PropertyValueSpecification\",\"valueRequired\":true,\"valueName\":\"search_term_string\"}}],\"inLanguage\":\"en-US\"},{\"@type\":\"Organization\",\"@id\":\"https:\\\/\\\/www.ige2.com\\\/#organization\",\"name\":\"IGe2 Energ\u00eda\",\"url\":\"https:\\\/\\\/www.ige2.com\\\/\",\"logo\":{\"@type\":\"ImageObject\",\"inLanguage\":\"en-US\",\"@id\":\"https:\\\/\\\/www.ige2.com\\\/#\\\/schema\\\/logo\\\/image\\\/\",\"url\":\"https:\\\/\\\/www.ige2.com\\\/wp-content\\\/uploads\\\/2026\\\/04\\\/IGe2_Verde_ClaroRecurso-11x-e1589913511656.png\",\"contentUrl\":\"https:\\\/\\\/www.ige2.com\\\/wp-content\\\/uploads\\\/2026\\\/04\\\/IGe2_Verde_ClaroRecurso-11x-e1589913511656.png\",\"width\":200,\"height\":116,\"caption\":\"IGe2 Energ\u00eda\"},\"image\":{\"@id\":\"https:\\\/\\\/www.ige2.com\\\/#\\\/schema\\\/logo\\\/image\\\/\"},\"sameAs\":[\"http:\\\/\\\/www.facebook.com\\\/IGe2energia\",\"https:\\\/\\\/x.com\\\/Ige2E\",\"https:\\\/\\\/www.linkedin.com\\\/company\\\/ige2-energia\"]}]}<\/script>\n<!-- \/ Yoast SEO plugin. -->","yoast_head_json":{"title":"Ayudas y subvenciones - IGe2 Energ\u00eda","description":"Gesti\u00f3n de ayudas energ\u00e9ticas y CAEs. Tramitamos subvenciones para autoconsumo y eficiencia energ\u00e9tica con financiaci\u00f3n y llave en mano.","robots":{"index":"index","follow":"follow","max-snippet":"max-snippet:-1","max-image-preview":"max-image-preview:large","max-video-preview":"max-video-preview:-1"},"canonical":"https:\/\/www.ige2.com\/en\/ayudas-y-subvenciones\/","og_locale":"en_US","og_type":"article","og_title":"Ayudas y subvenciones - IGe2 Energ\u00eda","og_description":"Gesti\u00f3n de ayudas energ\u00e9ticas y CAEs. Tramitamos subvenciones para autoconsumo y eficiencia energ\u00e9tica con financiaci\u00f3n y llave en mano.","og_url":"https:\/\/www.ige2.com\/en\/ayudas-y-subvenciones\/","og_site_name":"IGe2 Energ\u00eda","article_publisher":"http:\/\/www.facebook.com\/IGe2energia","article_modified_time":"2026-04-21T15:08:48+00:00","og_image":[{"url":"https:\/\/www.ige2.com\/wp-content\/uploads\/2026\/04\/closeup-of-compact-fluorescent-lamp-on-euro-coins-2026-03-18-06-50-40-utc.jpg","type":"","width":"","height":""}],"twitter_card":"summary_large_image","twitter_site":"@Ige2E","schema":{"@context":"https:\/\/schema.org","@graph":[{"@type":"WebPage","@id":"https:\/\/www.ige2.com\/ayudas-y-subvenciones\/","url":"https:\/\/www.ige2.com\/ayudas-y-subvenciones\/","name":"Ayudas y subvenciones - IGe2 Energ\u00eda","isPartOf":{"@id":"https:\/\/www.ige2.com\/#website"},"primaryImageOfPage":{"@id":"https:\/\/www.ige2.com\/ayudas-y-subvenciones\/#primaryimage"},"image":{"@id":"https:\/\/www.ige2.com\/ayudas-y-subvenciones\/#primaryimage"},"thumbnailUrl":"https:\/\/www.ige2.com\/wp-content\/uploads\/2026\/04\/closeup-of-compact-fluorescent-lamp-on-euro-coins-2026-03-18-06-50-40-utc.jpg","datePublished":"2026-04-16T15:11:42+00:00","dateModified":"2026-04-21T15:08:48+00:00","description":"Gesti\u00f3n de ayudas energ\u00e9ticas y CAEs. Tramitamos subvenciones para autoconsumo y eficiencia energ\u00e9tica con financiaci\u00f3n y llave en mano.","breadcrumb":{"@id":"https:\/\/www.ige2.com\/ayudas-y-subvenciones\/#breadcrumb"},"inLanguage":"en-US","potentialAction":[{"@type":"ReadAction","target":["https:\/\/www.ige2.com\/ayudas-y-subvenciones\/"]}]},{"@type":"ImageObject","inLanguage":"en-US","@id":"https:\/\/www.ige2.com\/ayudas-y-subvenciones\/#primaryimage","url":"https:\/\/www.ige2.com\/wp-content\/uploads\/2026\/04\/closeup-of-compact-fluorescent-lamp-on-euro-coins-2026-03-18-06-50-40-utc.jpg","contentUrl":"https:\/\/www.ige2.com\/wp-content\/uploads\/2026\/04\/closeup-of-compact-fluorescent-lamp-on-euro-coins-2026-03-18-06-50-40-utc.jpg"},{"@type":"BreadcrumbList","@id":"https:\/\/www.ige2.com\/ayudas-y-subvenciones\/#breadcrumb","itemListElement":[{"@type":"ListItem","position":1,"name":"Inicio","item":"https:\/\/www.ige2.com\/"},{"@type":"ListItem","position":2,"name":"Ayudas y subvenciones"}]},{"@type":"WebSite","@id":"https:\/\/www.ige2.com\/#website","url":"https:\/\/www.ige2.com\/","name":"IGe2 Energy","description":"Energy consultants","publisher":{"@id":"https:\/\/www.ige2.com\/#organization"},"potentialAction":[{"@type":"SearchAction","target":{"@type":"EntryPoint","urlTemplate":"https:\/\/www.ige2.com\/?s={search_term_string}"},"query-input":{"@type":"PropertyValueSpecification","valueRequired":true,"valueName":"search_term_string"}}],"inLanguage":"en-US"},{"@type":"Organization","@id":"https:\/\/www.ige2.com\/#organization","name":"IGe2 Energy","url":"https:\/\/www.ige2.com\/","logo":{"@type":"ImageObject","inLanguage":"en-US","@id":"https:\/\/www.ige2.com\/#\/schema\/logo\/image\/","url":"https:\/\/www.ige2.com\/wp-content\/uploads\/2026\/04\/IGe2_Verde_ClaroRecurso-11x-e1589913511656.png","contentUrl":"https:\/\/www.ige2.com\/wp-content\/uploads\/2026\/04\/IGe2_Verde_ClaroRecurso-11x-e1589913511656.png","width":200,"height":116,"caption":"IGe2 Energ\u00eda"},"image":{"@id":"https:\/\/www.ige2.com\/#\/schema\/logo\/image\/"},"sameAs":["http:\/\/www.facebook.com\/IGe2energia","https:\/\/x.com\/Ige2E","https:\/\/www.linkedin.com\/company\/ige2-energia"]}]}},"_links":{"self":[{"href":"https:\/\/www.ige2.com\/en\/wp-json\/wp\/v2\/pages\/1143","targetHints":{"allow":["GET"]}}],"collection":[{"href":"https:\/\/www.ige2.com\/en\/wp-json\/wp\/v2\/pages"}],"about":[{"href":"https:\/\/www.ige2.com\/en\/wp-json\/wp\/v2\/types\/page"}],"author":[{"embeddable":true,"href":"https:\/\/www.ige2.com\/en\/wp-json\/wp\/v2\/users\/1"}],"replies":[{"embeddable":true,"href":"https:\/\/www.ige2.com\/en\/wp-json\/wp\/v2\/comments?post=1143"}],"version-history":[{"count":14,"href":"https:\/\/www.ige2.com\/en\/wp-json\/wp\/v2\/pages\/1143\/revisions"}],"predecessor-version":[{"id":1280,"href":"https:\/\/www.ige2.com\/en\/wp-json\/wp\/v2\/pages\/1143\/revisions\/1280"}],"wp:attachment":[{"href":"https:\/\/www.ige2.com\/en\/wp-json\/wp\/v2\/media?parent=1143"}],"curies":[{"name":"wp","href":"https:\/\/api.w.org\/{rel}","templated":true}]}}