{"id":1141,"date":"2026-04-16T17:11:30","date_gmt":"2026-04-16T15:11:30","guid":{"rendered":"https:\/\/www.ige2.com\/?page_id=1141"},"modified":"2026-04-24T13:54:38","modified_gmt":"2026-04-24T11:54:38","slug":"autoconsumo-y-otros","status":"publish","type":"page","link":"https:\/\/www.ige2.com\/en\/autoconsumo-y-otros\/","title":{"rendered":"Own-use and others"},"content":{"rendered":"<div data-elementor-type=\"wp-page\" data-elementor-id=\"1141\" class=\"elementor elementor-1141\" data-elementor-post-type=\"page\">\n\t\t\t\t<div class=\"elementor-element elementor-element-34a0736 e-flex e-con-boxed e-con e-parent\" data-id=\"34a0736\" data-element_type=\"container\" data-e-type=\"container\" data-settings=\"{&quot;background_background&quot;:&quot;classic&quot;,&quot;ekit_has_onepagescroll_dot&quot;:&quot;yes&quot;}\">\n\t\t\t\t\t<div class=\"e-con-inner\">\n\t\t<div class=\"elementor-element elementor-element-14f4acd1 e-flex e-con-boxed e-con e-child\" data-id=\"14f4acd1\" data-element_type=\"container\" data-e-type=\"container\" data-settings=\"{&quot;ekit_has_onepagescroll_dot&quot;:&quot;yes&quot;}\">\n\t\t\t\t\t<div class=\"e-con-inner\">\n\t\t\t\t<div class=\"elementor-element elementor-element-442b23d3 elementor-widget elementor-widget-elementskit-heading\" data-id=\"442b23d3\" data-element_type=\"widget\" data-e-type=\"widget\" data-settings=\"{&quot;ekit_we_effect_on&quot;:&quot;none&quot;}\" data-widget_type=\"elementskit-heading.default\">\n\t\t\t\t<div class=\"elementor-widget-container\">\n\t\t\t\t\t<div class=\"ekit-wid-con\" ><div class=\"ekit-heading elementskit-section-title-wraper text_center   ekit_heading_tablet-   ekit_heading_mobile-\"><h1 class=\"ekit-heading--title elementskit-section-title text_fill\">Autoconsumo y <span><span>otros<\/span><\/span><\/h1><\/div><\/div>\t\t\t\t<\/div>\n\t\t\t\t<\/div>\n\t\t\t\t\t<\/div>\n\t\t\t\t<\/div>\n\t\t\t\t\t<\/div>\n\t\t\t\t<\/div>\n\t\t<div class=\"elementor-element elementor-element-1b46361d e-flex e-con-boxed e-con e-parent\" data-id=\"1b46361d\" data-element_type=\"container\" data-e-type=\"container\" data-settings=\"{&quot;background_background&quot;:&quot;classic&quot;,&quot;ekit_has_onepagescroll_dot&quot;:&quot;yes&quot;}\">\n\t\t\t\t\t<div class=\"e-con-inner\">\n\t\t<div class=\"elementor-element elementor-element-21ffd0ee e-con-full e-flex e-con e-child\" data-id=\"21ffd0ee\" data-element_type=\"container\" data-e-type=\"container\" data-settings=\"{&quot;ekit_has_onepagescroll_dot&quot;:&quot;yes&quot;}\">\n\t\t\t\t<div class=\"elementor-element elementor-element-7b1c06a2 elementor-widget elementor-widget-image\" data-id=\"7b1c06a2\" data-element_type=\"widget\" data-e-type=\"widget\" data-settings=\"{&quot;ekit_we_effect_on&quot;:&quot;none&quot;}\" data-widget_type=\"image.default\">\n\t\t\t\t<div class=\"elementor-widget-container\">\n\t\t\t\t\t\t\t\t\t\t\t\t\t\t\t<img fetchpriority=\"high\" decoding=\"async\" width=\"830\" height=\"1199\" src=\"https:\/\/www.ige2.com\/wp-content\/uploads\/2026\/04\/roof-with-solar-panels-in-germany-2026-03-19-22-01-35-utc.jpg\" class=\"attachment-full size-full wp-image-1152\" alt=\"iGe2 Energy\" srcset=\"https:\/\/www.ige2.com\/wp-content\/uploads\/2026\/04\/roof-with-solar-panels-in-germany-2026-03-19-22-01-35-utc.jpg 830w, https:\/\/www.ige2.com\/wp-content\/uploads\/2026\/04\/roof-with-solar-panels-in-germany-2026-03-19-22-01-35-utc-208x300.jpg 208w, https:\/\/www.ige2.com\/wp-content\/uploads\/2026\/04\/roof-with-solar-panels-in-germany-2026-03-19-22-01-35-utc-709x1024.jpg 709w, https:\/\/www.ige2.com\/wp-content\/uploads\/2026\/04\/roof-with-solar-panels-in-germany-2026-03-19-22-01-35-utc-768x1109.jpg 768w, https:\/\/www.ige2.com\/wp-content\/uploads\/2026\/04\/roof-with-solar-panels-in-germany-2026-03-19-22-01-35-utc-8x12.jpg 8w\" sizes=\"(max-width: 830px) 100vw, 830px\" \/>\t\t\t\t\t\t\t\t\t\t\t\t\t\t\t<\/div>\n\t\t\t\t<\/div>\n\t\t\t\t<\/div>\n\t\t<div class=\"elementor-element elementor-element-1c4fd704 e-con-full e-flex e-con e-child\" data-id=\"1c4fd704\" data-element_type=\"container\" data-e-type=\"container\" data-settings=\"{&quot;ekit_has_onepagescroll_dot&quot;:&quot;yes&quot;}\">\n\t\t\t\t<div class=\"elementor-element elementor-element-672795c6 elementor-invisible elementor-widget elementor-widget-heading\" data-id=\"672795c6\" data-element_type=\"widget\" data-e-type=\"widget\" data-settings=\"{&quot;_animation&quot;:&quot;fadeInUp&quot;,&quot;_animation_delay&quot;:200,&quot;ekit_we_effect_on&quot;:&quot;none&quot;}\" data-widget_type=\"heading.default\">\n\t\t\t\t<div class=\"elementor-widget-container\">\n\t\t\t\t\t<h2 class=\"elementor-heading-title elementor-size-default\">Sistemas de autoconsumo energ\u00e9tico<\/h2>\t\t\t\t<\/div>\n\t\t\t\t<\/div>\n\t\t\t\t<div class=\"elementor-element elementor-element-19d1cee5 elementor-widget elementor-widget-text-editor\" data-id=\"19d1cee5\" data-element_type=\"widget\" data-e-type=\"widget\" data-settings=\"{&quot;ekit_we_effect_on&quot;:&quot;none&quot;}\" data-widget_type=\"text-editor.default\">\n\t\t\t\t<div class=\"elementor-widget-container\">\n\t\t\t\t\t\t\t\t\t<p style=\"font-weight: 400;\">Los sistemas de autoconsumo han avanzado t\u00e9cnicamente, y su ventaja econ\u00f3mica no solo reside en el precio de la energ\u00eda. La ventaja mas importante debe de residir en el ahorro de tasas y peajes que conlleva la tarifa el\u00e9ctrica y los famosos ajustes que cada d\u00eda ser\u00e1n m\u00e1s importantes, por lo que <strong>la rentabilidad del autoconsumo residir\u00e1 en producir energ\u00eda para autocosumirla sin excedentes con gestion en acumulaci\u00f3n mediante bater\u00edas u otros.<\/strong><\/p><p style=\"font-weight: 400;\">Hay que destacar, que lo mas sencillo es la instalaci\u00f3n solar fotovoltaica, pero disponemos de otras fuentes de energ\u00eda que han evolucionado o est\u00e1n evolucionando como:<\/p><ul><li style=\"font-weight: 400;\">E\u00f3lica Urbana<\/li><li style=\"font-weight: 400;\">Minihidr\u00e1ulica<\/li><li style=\"font-weight: 400;\">Solar fotovoltaica<\/li><li style=\"font-weight: 400;\">Solar hibrida (fotovoltaica y t\u00e9rmica)<\/li><li style=\"font-weight: 400;\">Solar t\u00e9rmica (baja y alta temperatura)<\/li><li style=\"font-weight: 400;\">Biometano<\/li><li style=\"font-weight: 400;\">Acumulaci\u00f3n (Bater\u00edas)<\/li><li style=\"font-weight: 400;\">Recarga veh\u00edculo el\u00e9ctrico<\/li><\/ul><p>\u00a0<\/p><p>Elegir el sistema de autoconsumo que mas se adapta a las necesidades espec\u00edficas es muy importante, incluso adaptado a procesos de calor, como aerotermia o efecto joule.<\/p>\t\t\t\t\t\t\t\t<\/div>\n\t\t\t\t<\/div>\n\t\t\t\t<\/div>\n\t\t\t\t\t<\/div>\n\t\t\t\t<\/div>\n\t\t\t\t<\/div>","protected":false},"excerpt":{"rendered":"<p>Autoconsumo y otros Sistemas de autoconsumo energ\u00e9tico Los sistemas de autoconsumo han avanzado t\u00e9cnicamente, y su ventaja econ\u00f3mica no solo reside en el precio de la energ\u00eda. La ventaja mas importante debe de residir en el ahorro de tasas y peajes que conlleva la tarifa el\u00e9ctrica y los famosos ajustes que cada d\u00eda ser\u00e1n m\u00e1s [&hellip;]<\/p>\n","protected":false},"author":1,"featured_media":0,"parent":0,"menu_order":3,"comment_status":"closed","ping_status":"closed","template":"","meta":{"_joinchat":[],"footnotes":""},"class_list":["post-1141","page","type-page","status-publish","hentry"],"yoast_head":"<!-- This site is optimized with the Yoast SEO plugin v27.5 - https:\/\/yoast.com\/product\/yoast-seo-wordpress\/ -->\n<title>Autoconsumo y otros - IGe2 Energ\u00eda<\/title>\n<meta name=\"description\" content=\"Soluciones de autoconsumo energ\u00e9tico: solar, e\u00f3lica, bater\u00edas y acumulaci\u00f3n. Dise\u00f1amos sistemas a medida para reducir costes y consumo.\" \/>\n<meta name=\"robots\" content=\"index, follow, max-snippet:-1, max-image-preview:large, max-video-preview:-1\" \/>\n<link rel=\"canonical\" href=\"https:\/\/www.ige2.com\/en\/autoconsumo-y-otros\/\" \/>\n<meta property=\"og:locale\" content=\"en_US\" \/>\n<meta property=\"og:type\" content=\"article\" \/>\n<meta property=\"og:title\" content=\"Autoconsumo y otros - IGe2 Energ\u00eda\" \/>\n<meta property=\"og:description\" content=\"Soluciones de autoconsumo energ\u00e9tico: solar, e\u00f3lica, bater\u00edas y acumulaci\u00f3n. Dise\u00f1amos sistemas a medida para reducir costes y consumo.\" \/>\n<meta property=\"og:url\" content=\"https:\/\/www.ige2.com\/en\/autoconsumo-y-otros\/\" \/>\n<meta property=\"og:site_name\" content=\"IGe2 Energ\u00eda\" \/>\n<meta property=\"article:publisher\" content=\"http:\/\/www.facebook.com\/IGe2energia\" \/>\n<meta property=\"article:modified_time\" content=\"2026-04-24T11:54:38+00:00\" \/>\n<meta property=\"og:image\" content=\"https:\/\/www.ige2.com\/wp-content\/uploads\/2026\/04\/roof-with-solar-panels-in-germany-2026-03-19-22-01-35-utc.jpg\" \/>\n\t<meta property=\"og:image:width\" content=\"830\" \/>\n\t<meta property=\"og:image:height\" content=\"1199\" \/>\n\t<meta property=\"og:image:type\" content=\"image\/jpeg\" \/>\n<meta name=\"twitter:card\" content=\"summary_large_image\" \/>\n<meta name=\"twitter:site\" content=\"@Ige2E\" \/>\n<script type=\"application\/ld+json\" class=\"yoast-schema-graph\">{\"@context\":\"https:\\\/\\\/schema.org\",\"@graph\":[{\"@type\":\"WebPage\",\"@id\":\"https:\\\/\\\/www.ige2.com\\\/autoconsumo-y-otros\\\/\",\"url\":\"https:\\\/\\\/www.ige2.com\\\/autoconsumo-y-otros\\\/\",\"name\":\"Autoconsumo y otros - IGe2 Energ\u00eda\",\"isPartOf\":{\"@id\":\"https:\\\/\\\/www.ige2.com\\\/#website\"},\"primaryImageOfPage\":{\"@id\":\"https:\\\/\\\/www.ige2.com\\\/autoconsumo-y-otros\\\/#primaryimage\"},\"image\":{\"@id\":\"https:\\\/\\\/www.ige2.com\\\/autoconsumo-y-otros\\\/#primaryimage\"},\"thumbnailUrl\":\"https:\\\/\\\/www.ige2.com\\\/wp-content\\\/uploads\\\/2026\\\/04\\\/roof-with-solar-panels-in-germany-2026-03-19-22-01-35-utc.jpg\",\"datePublished\":\"2026-04-16T15:11:30+00:00\",\"dateModified\":\"2026-04-24T11:54:38+00:00\",\"description\":\"Soluciones de autoconsumo energ\u00e9tico: solar, e\u00f3lica, bater\u00edas y acumulaci\u00f3n. Dise\u00f1amos sistemas a medida para reducir costes y consumo.\",\"breadcrumb\":{\"@id\":\"https:\\\/\\\/www.ige2.com\\\/autoconsumo-y-otros\\\/#breadcrumb\"},\"inLanguage\":\"en-US\",\"potentialAction\":[{\"@type\":\"ReadAction\",\"target\":[\"https:\\\/\\\/www.ige2.com\\\/autoconsumo-y-otros\\\/\"]}]},{\"@type\":\"ImageObject\",\"inLanguage\":\"en-US\",\"@id\":\"https:\\\/\\\/www.ige2.com\\\/autoconsumo-y-otros\\\/#primaryimage\",\"url\":\"https:\\\/\\\/www.ige2.com\\\/wp-content\\\/uploads\\\/2026\\\/04\\\/roof-with-solar-panels-in-germany-2026-03-19-22-01-35-utc.jpg\",\"contentUrl\":\"https:\\\/\\\/www.ige2.com\\\/wp-content\\\/uploads\\\/2026\\\/04\\\/roof-with-solar-panels-in-germany-2026-03-19-22-01-35-utc.jpg\"},{\"@type\":\"BreadcrumbList\",\"@id\":\"https:\\\/\\\/www.ige2.com\\\/autoconsumo-y-otros\\\/#breadcrumb\",\"itemListElement\":[{\"@type\":\"ListItem\",\"position\":1,\"name\":\"Inicio\",\"item\":\"https:\\\/\\\/www.ige2.com\\\/\"},{\"@type\":\"ListItem\",\"position\":2,\"name\":\"Autoconsumo y otros\"}]},{\"@type\":\"WebSite\",\"@id\":\"https:\\\/\\\/www.ige2.com\\\/#website\",\"url\":\"https:\\\/\\\/www.ige2.com\\\/\",\"name\":\"IGe2 Energ\u00eda\",\"description\":\"Asesores energ\u00e9ticos\",\"publisher\":{\"@id\":\"https:\\\/\\\/www.ige2.com\\\/#organization\"},\"potentialAction\":[{\"@type\":\"SearchAction\",\"target\":{\"@type\":\"EntryPoint\",\"urlTemplate\":\"https:\\\/\\\/www.ige2.com\\\/?s={search_term_string}\"},\"query-input\":{\"@type\":\"PropertyValueSpecification\",\"valueRequired\":true,\"valueName\":\"search_term_string\"}}],\"inLanguage\":\"en-US\"},{\"@type\":\"Organization\",\"@id\":\"https:\\\/\\\/www.ige2.com\\\/#organization\",\"name\":\"IGe2 Energ\u00eda\",\"url\":\"https:\\\/\\\/www.ige2.com\\\/\",\"logo\":{\"@type\":\"ImageObject\",\"inLanguage\":\"en-US\",\"@id\":\"https:\\\/\\\/www.ige2.com\\\/#\\\/schema\\\/logo\\\/image\\\/\",\"url\":\"https:\\\/\\\/www.ige2.com\\\/wp-content\\\/uploads\\\/2026\\\/04\\\/IGe2_Verde_ClaroRecurso-11x-e1589913511656.png\",\"contentUrl\":\"https:\\\/\\\/www.ige2.com\\\/wp-content\\\/uploads\\\/2026\\\/04\\\/IGe2_Verde_ClaroRecurso-11x-e1589913511656.png\",\"width\":200,\"height\":116,\"caption\":\"IGe2 Energ\u00eda\"},\"image\":{\"@id\":\"https:\\\/\\\/www.ige2.com\\\/#\\\/schema\\\/logo\\\/image\\\/\"},\"sameAs\":[\"http:\\\/\\\/www.facebook.com\\\/IGe2energia\",\"https:\\\/\\\/x.com\\\/Ige2E\",\"https:\\\/\\\/www.linkedin.com\\\/company\\\/ige2-energia\"]}]}<\/script>\n<!-- \/ Yoast SEO plugin. -->","yoast_head_json":{"title":"Autoconsumo y otros - IGe2 Energ\u00eda","description":"Soluciones de autoconsumo energ\u00e9tico: solar, e\u00f3lica, bater\u00edas y acumulaci\u00f3n. Dise\u00f1amos sistemas a medida para reducir costes y consumo.","robots":{"index":"index","follow":"follow","max-snippet":"max-snippet:-1","max-image-preview":"max-image-preview:large","max-video-preview":"max-video-preview:-1"},"canonical":"https:\/\/www.ige2.com\/en\/autoconsumo-y-otros\/","og_locale":"en_US","og_type":"article","og_title":"Autoconsumo y otros - IGe2 Energ\u00eda","og_description":"Soluciones de autoconsumo energ\u00e9tico: solar, e\u00f3lica, bater\u00edas y acumulaci\u00f3n. Dise\u00f1amos sistemas a medida para reducir costes y consumo.","og_url":"https:\/\/www.ige2.com\/en\/autoconsumo-y-otros\/","og_site_name":"IGe2 Energ\u00eda","article_publisher":"http:\/\/www.facebook.com\/IGe2energia","article_modified_time":"2026-04-24T11:54:38+00:00","og_image":[{"width":830,"height":1199,"url":"https:\/\/www.ige2.com\/wp-content\/uploads\/2026\/04\/roof-with-solar-panels-in-germany-2026-03-19-22-01-35-utc.jpg","type":"image\/jpeg"}],"twitter_card":"summary_large_image","twitter_site":"@Ige2E","schema":{"@context":"https:\/\/schema.org","@graph":[{"@type":"WebPage","@id":"https:\/\/www.ige2.com\/autoconsumo-y-otros\/","url":"https:\/\/www.ige2.com\/autoconsumo-y-otros\/","name":"Autoconsumo y otros - IGe2 Energ\u00eda","isPartOf":{"@id":"https:\/\/www.ige2.com\/#website"},"primaryImageOfPage":{"@id":"https:\/\/www.ige2.com\/autoconsumo-y-otros\/#primaryimage"},"image":{"@id":"https:\/\/www.ige2.com\/autoconsumo-y-otros\/#primaryimage"},"thumbnailUrl":"https:\/\/www.ige2.com\/wp-content\/uploads\/2026\/04\/roof-with-solar-panels-in-germany-2026-03-19-22-01-35-utc.jpg","datePublished":"2026-04-16T15:11:30+00:00","dateModified":"2026-04-24T11:54:38+00:00","description":"Soluciones de autoconsumo energ\u00e9tico: solar, e\u00f3lica, bater\u00edas y acumulaci\u00f3n. Dise\u00f1amos sistemas a medida para reducir costes y consumo.","breadcrumb":{"@id":"https:\/\/www.ige2.com\/autoconsumo-y-otros\/#breadcrumb"},"inLanguage":"en-US","potentialAction":[{"@type":"ReadAction","target":["https:\/\/www.ige2.com\/autoconsumo-y-otros\/"]}]},{"@type":"ImageObject","inLanguage":"en-US","@id":"https:\/\/www.ige2.com\/autoconsumo-y-otros\/#primaryimage","url":"https:\/\/www.ige2.com\/wp-content\/uploads\/2026\/04\/roof-with-solar-panels-in-germany-2026-03-19-22-01-35-utc.jpg","contentUrl":"https:\/\/www.ige2.com\/wp-content\/uploads\/2026\/04\/roof-with-solar-panels-in-germany-2026-03-19-22-01-35-utc.jpg"},{"@type":"BreadcrumbList","@id":"https:\/\/www.ige2.com\/autoconsumo-y-otros\/#breadcrumb","itemListElement":[{"@type":"ListItem","position":1,"name":"Inicio","item":"https:\/\/www.ige2.com\/"},{"@type":"ListItem","position":2,"name":"Autoconsumo y otros"}]},{"@type":"WebSite","@id":"https:\/\/www.ige2.com\/#website","url":"https:\/\/www.ige2.com\/","name":"IGe2 Energy","description":"Energy consultants","publisher":{"@id":"https:\/\/www.ige2.com\/#organization"},"potentialAction":[{"@type":"SearchAction","target":{"@type":"EntryPoint","urlTemplate":"https:\/\/www.ige2.com\/?s={search_term_string}"},"query-input":{"@type":"PropertyValueSpecification","valueRequired":true,"valueName":"search_term_string"}}],"inLanguage":"en-US"},{"@type":"Organization","@id":"https:\/\/www.ige2.com\/#organization","name":"IGe2 Energy","url":"https:\/\/www.ige2.com\/","logo":{"@type":"ImageObject","inLanguage":"en-US","@id":"https:\/\/www.ige2.com\/#\/schema\/logo\/image\/","url":"https:\/\/www.ige2.com\/wp-content\/uploads\/2026\/04\/IGe2_Verde_ClaroRecurso-11x-e1589913511656.png","contentUrl":"https:\/\/www.ige2.com\/wp-content\/uploads\/2026\/04\/IGe2_Verde_ClaroRecurso-11x-e1589913511656.png","width":200,"height":116,"caption":"IGe2 Energ\u00eda"},"image":{"@id":"https:\/\/www.ige2.com\/#\/schema\/logo\/image\/"},"sameAs":["http:\/\/www.facebook.com\/IGe2energia","https:\/\/x.com\/Ige2E","https:\/\/www.linkedin.com\/company\/ige2-energia"]}]}},"_links":{"self":[{"href":"https:\/\/www.ige2.com\/en\/wp-json\/wp\/v2\/pages\/1141","targetHints":{"allow":["GET"]}}],"collection":[{"href":"https:\/\/www.ige2.com\/en\/wp-json\/wp\/v2\/pages"}],"about":[{"href":"https:\/\/www.ige2.com\/en\/wp-json\/wp\/v2\/types\/page"}],"author":[{"embeddable":true,"href":"https:\/\/www.ige2.com\/en\/wp-json\/wp\/v2\/users\/1"}],"replies":[{"embeddable":true,"href":"https:\/\/www.ige2.com\/en\/wp-json\/wp\/v2\/comments?post=1141"}],"version-history":[{"count":17,"href":"https:\/\/www.ige2.com\/en\/wp-json\/wp\/v2\/pages\/1141\/revisions"}],"predecessor-version":[{"id":1301,"href":"https:\/\/www.ige2.com\/en\/wp-json\/wp\/v2\/pages\/1141\/revisions\/1301"}],"wp:attachment":[{"href":"https:\/\/www.ige2.com\/en\/wp-json\/wp\/v2\/media?parent=1141"}],"curies":[{"name":"wp","href":"https:\/\/api.w.org\/{rel}","templated":true}]}}