{"id":1126,"date":"2026-04-16T16:57:48","date_gmt":"2026-04-16T14:57:48","guid":{"rendered":"https:\/\/www.ige2.com\/?page_id=1126"},"modified":"2026-04-24T13:54:10","modified_gmt":"2026-04-24T11:54:10","slug":"eficiencia-energetica","status":"publish","type":"page","link":"https:\/\/www.ige2.com\/en\/eficiencia-energetica\/","title":{"rendered":"Energy efficiency"},"content":{"rendered":"<div data-elementor-type=\"wp-page\" data-elementor-id=\"1126\" class=\"elementor elementor-1126\" data-elementor-post-type=\"page\">\n\t\t\t\t<div class=\"elementor-element elementor-element-6fa7b95b e-flex e-con-boxed e-con e-parent\" data-id=\"6fa7b95b\" data-element_type=\"container\" data-e-type=\"container\" data-settings=\"{&quot;background_background&quot;:&quot;classic&quot;,&quot;ekit_has_onepagescroll_dot&quot;:&quot;yes&quot;}\">\n\t\t\t\t\t<div class=\"e-con-inner\">\n\t\t<div class=\"elementor-element elementor-element-4276a88d e-flex e-con-boxed e-con e-child\" data-id=\"4276a88d\" data-element_type=\"container\" data-e-type=\"container\" data-settings=\"{&quot;ekit_has_onepagescroll_dot&quot;:&quot;yes&quot;}\">\n\t\t\t\t\t<div class=\"e-con-inner\">\n\t\t\t\t<div class=\"elementor-element elementor-element-2e619b1 elementor-widget elementor-widget-elementskit-heading\" data-id=\"2e619b1\" data-element_type=\"widget\" data-e-type=\"widget\" data-settings=\"{&quot;ekit_we_effect_on&quot;:&quot;none&quot;}\" data-widget_type=\"elementskit-heading.default\">\n\t\t\t\t<div class=\"elementor-widget-container\">\n\t\t\t\t\t<div class=\"ekit-wid-con\" ><div class=\"ekit-heading elementskit-section-title-wraper text_center   ekit_heading_tablet-   ekit_heading_mobile-\"><h1 class=\"ekit-heading--title elementskit-section-title text_fill\">Eficiencia <span><span>energ\u00e9tica<\/span><\/span><\/h1><\/div><\/div>\t\t\t\t<\/div>\n\t\t\t\t<\/div>\n\t\t\t\t\t<\/div>\n\t\t\t\t<\/div>\n\t\t\t\t\t<\/div>\n\t\t\t\t<\/div>\n\t\t<div class=\"elementor-element elementor-element-65810f7b e-flex e-con-boxed e-con e-parent\" data-id=\"65810f7b\" data-element_type=\"container\" data-e-type=\"container\" data-settings=\"{&quot;background_background&quot;:&quot;classic&quot;,&quot;ekit_has_onepagescroll_dot&quot;:&quot;yes&quot;}\">\n\t\t\t\t\t<div class=\"e-con-inner\">\n\t\t<div class=\"elementor-element elementor-element-3220379e e-con-full e-flex e-con e-child\" data-id=\"3220379e\" data-element_type=\"container\" data-e-type=\"container\" data-settings=\"{&quot;ekit_has_onepagescroll_dot&quot;:&quot;yes&quot;}\">\n\t\t\t\t<div class=\"elementor-element elementor-element-776a2598 elementor-widget elementor-widget-image\" data-id=\"776a2598\" data-element_type=\"widget\" data-e-type=\"widget\" data-settings=\"{&quot;ekit_we_effect_on&quot;:&quot;none&quot;}\" data-widget_type=\"image.default\">\n\t\t\t\t<div class=\"elementor-widget-container\">\n\t\t\t\t\t\t\t\t\t\t\t\t\t\t\t<img fetchpriority=\"high\" decoding=\"async\" width=\"766\" height=\"1200\" src=\"https:\/\/www.ige2.com\/wp-content\/uploads\/2026\/04\/mockup-of-hand-with-light-bulb-for-solar-energy-in-2026-03-25-05-00-01-utc.jpg\" class=\"attachment-full size-full wp-image-1132\" alt=\"iGe2 Energy\" srcset=\"https:\/\/www.ige2.com\/wp-content\/uploads\/2026\/04\/mockup-of-hand-with-light-bulb-for-solar-energy-in-2026-03-25-05-00-01-utc.jpg 766w, https:\/\/www.ige2.com\/wp-content\/uploads\/2026\/04\/mockup-of-hand-with-light-bulb-for-solar-energy-in-2026-03-25-05-00-01-utc-192x300.jpg 192w, https:\/\/www.ige2.com\/wp-content\/uploads\/2026\/04\/mockup-of-hand-with-light-bulb-for-solar-energy-in-2026-03-25-05-00-01-utc-654x1024.jpg 654w, https:\/\/www.ige2.com\/wp-content\/uploads\/2026\/04\/mockup-of-hand-with-light-bulb-for-solar-energy-in-2026-03-25-05-00-01-utc-8x12.jpg 8w\" sizes=\"(max-width: 766px) 100vw, 766px\" \/>\t\t\t\t\t\t\t\t\t\t\t\t\t\t\t<\/div>\n\t\t\t\t<\/div>\n\t\t\t\t<\/div>\n\t\t<div class=\"elementor-element elementor-element-73447e46 e-con-full e-flex e-con e-child\" data-id=\"73447e46\" data-element_type=\"container\" data-e-type=\"container\" data-settings=\"{&quot;ekit_has_onepagescroll_dot&quot;:&quot;yes&quot;}\">\n\t\t\t\t<div class=\"elementor-element elementor-element-6d76b625 elementor-invisible elementor-widget elementor-widget-heading\" data-id=\"6d76b625\" data-element_type=\"widget\" data-e-type=\"widget\" data-settings=\"{&quot;_animation&quot;:&quot;fadeInUp&quot;,&quot;_animation_delay&quot;:200,&quot;ekit_we_effect_on&quot;:&quot;none&quot;}\" data-widget_type=\"heading.default\">\n\t\t\t\t<div class=\"elementor-widget-container\">\n\t\t\t\t\t<h2 class=\"elementor-heading-title elementor-size-default\">Energy efficiency<\/h2>\t\t\t\t<\/div>\n\t\t\t\t<\/div>\n\t\t\t\t<div class=\"elementor-element elementor-element-20d0c237 elementor-widget elementor-widget-text-editor\" data-id=\"20d0c237\" data-element_type=\"widget\" data-e-type=\"widget\" data-settings=\"{&quot;ekit_we_effect_on&quot;:&quot;none&quot;}\" data-widget_type=\"text-editor.default\">\n\t\t\t\t<div class=\"elementor-widget-container\">\n\t\t\t\t\t\t\t\t\t<p>El Sistema de Comercio de Emisiones 2 (ETS 2) es una extensi\u00f3n del sistema existente de comercio de emisiones de la UE (ETS), dise\u00f1ado para incluir sectores que anteriormente no estaban regulados, como la calefacci\u00f3n residencial, transporte por carretera, y peque\u00f1a mediana industria en general.<\/p><p>Este nuevo r\u00e9gimen se implementar\u00e1 en enero 2027 y tiene como objetivo reducir las emisiones de CO2 en un 43% para 2030 en comparaci\u00f3n con los niveles de 2005.<\/p><p>Estas nuevas tasas o impuestos habr\u00e1 que a\u00f1adirles a los precios de los combustibles, derivados del carbono, se calcula en 55 \u20ac\/Tn CO<sub>2 <\/sub>para el a\u00f1o 2027 pero, para el a\u00f1o 2030 se estima que subir\u00e1 a 250 \u20ac\/Tn CO<sub>2 <\/sub>, teniendo la siguiente repercusi\u00f3n econ\u00f3mica:<\/p><p style=\"font-weight: 400;\">\u00a0<\/p>\t\t\t\t\t\t\t\t<\/div>\n\t\t\t\t<\/div>\n\t\t\t\t<div class=\"elementor-element elementor-element-92b02ec elementor-widget elementor-widget-html\" data-id=\"92b02ec\" data-element_type=\"widget\" data-e-type=\"widget\" data-settings=\"{&quot;ekit_we_effect_on&quot;:&quot;none&quot;}\" data-widget_type=\"html.default\">\n\t\t\t\t<div class=\"elementor-widget-container\">\n\t\t\t\t\t<!DOCTYPE html>\n<html lang=\"es\">\n<head>\n  <meta charset=\"UTF-8\">\n  <title>Tabla CO\u2082<\/title>\n  <link href=\"https:\/\/cdn.jsdelivr.net\/npm\/bootstrap@5.3.0\/dist\/css\/bootstrap.min.css\" rel=\"stylesheet\">\n  <style>\n    :root {\n      --color-principal: rgb(20, 26, 57);\n      --color-secundario: rgb(203, 222, 153);\n    }\n\n    .table-custom {\n      border: 1px solid rgba(20, 26, 57, 0.2);\n      border-radius: 10px;\n      overflow: hidden;\n    }\n\n    .table-custom thead {\n      border-bottom: 2px solid var(--color-principal);\n    }\n\n    .table-custom th {\n      color: var(--color-principal);\n      font-weight: 600;\n      text-transform: uppercase;\n      font-size: 0.9rem;\n      letter-spacing: 0.5px;\n    }\n\n    .section-title {\n      color: var(--color-principal);\n      font-weight: 700;\n      margin-top: 30px;\n      margin-bottom: 10px;\n      border-left: 5px solid var(--color-secundario);\n      padding-left: 10px;\n    }\n\n    .table-custom tbody tr:hover {\n      background-color: rgba(203, 222, 153, 0.15);\n      transition: 0.2s;\n    }\n\n    .value-highlight {\n      color: var(--color-principal);\n      font-weight: 600;\n    }\n  <\/style>\n<\/head>\n<body class=\"bg-light p-4\">\n\n<div class=\"container\">\n\n  <!-- 2027 -->\n  <div class=\"section-title\">\n    A\u00f1o 2027 \u00b7 55 \u20ac\/Tn CO\u2082\n  <\/div>\n\n  <div class=\"table-responsive table-custom\">\n    <table class=\"table align-middle mb-0\">\n      <thead>\n        <tr>\n          <th>Combustible<\/th>\n          <th>\u20ac\/litro<\/th>\n          <th>\u20ac\/kWh<\/th>\n        <\/tr>\n      <\/thead>\n      <tbody>\n        <tr>\n          <td>Gas\u00f3leo<\/td>\n          <td class=\"value-highlight\">0.13 \u20ac<\/td>\n          <td>0.013 \u20ac<\/td>\n        <\/tr>\n        <tr>\n          <td>Gasolina<\/td>\n          <td class=\"value-highlight\">0.11 \u20ac<\/td>\n          <td>0.011 \u20ac<\/td>\n        <\/tr>\n        <tr>\n          <td>Gas natural<\/td>\n          <td class=\"value-highlight\">\u2014<\/td>\n          <td>0.0090 \u20ac<\/td>\n        <\/tr>\n      <\/tbody>\n    <\/table>\n  <\/div>\n\n  <!-- 2030 -->\n  <div class=\"section-title\">\n    A\u00f1o 2030 \u00b7 250 \u20ac\/Tn CO\u2082\n  <\/div>\n\n  <div class=\"table-responsive table-custom\">\n    <table class=\"table align-middle mb-0\">\n      <thead>\n        <tr>\n          <th>Combustible<\/th>\n          <th>\u20ac\/litro<\/th>\n          <th>\u20ac\/kWh<\/th>\n        <\/tr>\n      <\/thead>\n      <tbody>\n        <tr>\n          <td>Gas\u00f3leo<\/td>\n          <td class=\"value-highlight\">0.65 \u20ac<\/td>\n          <td>0.065 \u20ac<\/td>\n        <\/tr>\n        <tr>\n          <td>Gasolina<\/td>\n          <td class=\"value-highlight\">0.55 \u20ac<\/td>\n          <td>0.055 \u20ac<\/td>\n        <\/tr>\n        <tr>\n          <td>Gas natural<\/td>\n          <td class=\"value-highlight\">\u2014<\/td>\n          <td>0.045 \u20ac<\/td>\n        <\/tr>\n      <\/tbody>\n    <\/table>\n  <\/div>\n\n<\/div>\n\n<\/body>\n<\/html>\t\t\t\t<\/div>\n\t\t\t\t<\/div>\n\t\t\t\t<\/div>\n\t\t\t\t\t<\/div>\n\t\t\t\t<\/div>\n\t\t<div class=\"elementor-element elementor-element-6262054c e-flex e-con-boxed e-con e-parent\" data-id=\"6262054c\" data-element_type=\"container\" data-e-type=\"container\" data-settings=\"{&quot;background_background&quot;:&quot;classic&quot;,&quot;ekit_has_onepagescroll_dot&quot;:&quot;yes&quot;}\">\n\t\t\t\t\t<div class=\"e-con-inner\">\n\t\t<div class=\"elementor-element elementor-element-2bd09e4 e-con-full e-flex e-con e-child\" data-id=\"2bd09e4\" data-element_type=\"container\" data-e-type=\"container\" data-settings=\"{&quot;ekit_has_onepagescroll_dot&quot;:&quot;yes&quot;}\">\n\t\t\t\t<div class=\"elementor-element elementor-element-78d3b37a elementor-widget elementor-widget-image\" data-id=\"78d3b37a\" data-element_type=\"widget\" data-e-type=\"widget\" data-settings=\"{&quot;ekit_we_effect_on&quot;:&quot;none&quot;}\" data-widget_type=\"image.default\">\n\t\t\t\t<div class=\"elementor-widget-container\">\n\t\t\t\t\t\t\t\t\t\t\t\t\t\t\t<img decoding=\"async\" width=\"800\" height=\"1200\" src=\"https:\/\/www.ige2.com\/wp-content\/uploads\/2026\/04\/architect-planning-a-modern-solar-power-house-2026-03-20-20-07-47-utc.jpg\" class=\"attachment-full size-full wp-image-1133\" alt=\"iGe2 Energy\" srcset=\"https:\/\/www.ige2.com\/wp-content\/uploads\/2026\/04\/architect-planning-a-modern-solar-power-house-2026-03-20-20-07-47-utc.jpg 800w, https:\/\/www.ige2.com\/wp-content\/uploads\/2026\/04\/architect-planning-a-modern-solar-power-house-2026-03-20-20-07-47-utc-200x300.jpg 200w, https:\/\/www.ige2.com\/wp-content\/uploads\/2026\/04\/architect-planning-a-modern-solar-power-house-2026-03-20-20-07-47-utc-683x1024.jpg 683w, https:\/\/www.ige2.com\/wp-content\/uploads\/2026\/04\/architect-planning-a-modern-solar-power-house-2026-03-20-20-07-47-utc-768x1152.jpg 768w, https:\/\/www.ige2.com\/wp-content\/uploads\/2026\/04\/architect-planning-a-modern-solar-power-house-2026-03-20-20-07-47-utc-8x12.jpg 8w\" sizes=\"(max-width: 800px) 100vw, 800px\" \/>\t\t\t\t\t\t\t\t\t\t\t\t\t\t\t<\/div>\n\t\t\t\t<\/div>\n\t\t\t\t<\/div>\n\t\t<div class=\"elementor-element elementor-element-4ecc2b5 e-con-full e-flex e-con e-child\" data-id=\"4ecc2b5\" data-element_type=\"container\" data-e-type=\"container\" data-settings=\"{&quot;ekit_has_onepagescroll_dot&quot;:&quot;yes&quot;}\">\n\t\t\t\t<div class=\"elementor-element elementor-element-78dc7aef elementor-invisible elementor-widget elementor-widget-heading\" data-id=\"78dc7aef\" data-element_type=\"widget\" data-e-type=\"widget\" data-settings=\"{&quot;_animation&quot;:&quot;fadeInUp&quot;,&quot;_animation_delay&quot;:200,&quot;ekit_we_effect_on&quot;:&quot;none&quot;}\" data-widget_type=\"heading.default\">\n\t\t\t\t<div class=\"elementor-widget-container\">\n\t\t\t\t\t<h2 class=\"elementor-heading-title elementor-size-default\">Dise\u00f1o de instalaciones de consumo nulo y optimizaci\u00f3n energ\u00e9tica con IA<\/h2>\t\t\t\t<\/div>\n\t\t\t\t<\/div>\n\t\t\t\t<div class=\"elementor-element elementor-element-680a329c elementor-widget elementor-widget-text-editor\" data-id=\"680a329c\" data-element_type=\"widget\" data-e-type=\"widget\" data-settings=\"{&quot;ekit_we_effect_on&quot;:&quot;none&quot;}\" data-widget_type=\"text-editor.default\">\n\t\t\t\t<div class=\"elementor-widget-container\">\n\t\t\t\t\t\t\t\t\t<p style=\"font-weight: 400;\">Nuestro objetivo es ayudar a que nuestros clientes y sus empresas a ser energ\u00e9ticamente eficientes en sus procesos energ\u00e9ticos, <strong>mediante una gestion energ\u00e9tica<\/strong>, para disminuir sus consumos y proporcionar ahorros econ\u00f3micos y la viabilidad t\u00e9cnica y econ\u00f3mica de los procesos productivos, dise\u00f1ando instalaciones <strong>de \u201cconsumo nulo\u201d<\/strong>, <strong>mediante autoconsumo, solar t\u00e9rmica, acumulaci\u00f3n de energ\u00eda, bomba de calor, recuperador ent\u00e1lpico<\/strong> y otros sistemas que nos proporcionan energ\u00eda de una forma mas rentable econ\u00f3micamente, en procesos sobre todo de, <strong>vapor, agua caliente, secado<\/strong>, para todos tipo de industrias y edificios y entre otros destacando los procesos de:<\/p><ul><li style=\"font-weight: 400;\">Hornos de Pan<\/li><li style=\"font-weight: 400;\">Hornos de Galletas<\/li><li style=\"font-weight: 400;\">Secaderos de piensos (animales)<\/li><li style=\"font-weight: 400;\">Secaderos de Alfalfa y forrajes<\/li><li style=\"font-weight: 400;\">Secaderos de Maiz<\/li><li style=\"font-weight: 400;\">Industrias l\u00e1cteas<\/li><li style=\"font-weight: 400;\">Queser\u00edas<\/li><li style=\"font-weight: 400;\">Industrias Agroalimentarias<\/li><li style=\"font-weight: 400; text-align: left;\">Lavander\u00edas<\/li><li style=\"font-weight: 400;\">Hoteles<\/li><\/ul><p>\u00a0<\/p><p>Nuestros sistemas de optimizaci\u00f3n energ\u00e9tica, tanto en electricidad y t\u00e9rmicos, van conectados a sistemas <strong>IA<\/strong>, de tal forma, que se encargan de optimizar la demanda y el consumo, conectados a la AEMET, tarifa el\u00e9ctrica y autoconsumo, resultando ahorros que hacen que su amortizaci\u00f3n sea muy ventajosa, adem\u00e1s de contar todos ellos con importantes ayudas y subvenciones a trav\u00e9s del sistema CAEs o financiaci\u00f3n exterior.<\/p><p style=\"font-weight: 400;\">Nosotros nos encargos de todo, incluso le proporcionamos, financiaci\u00f3n y la instalaci\u00f3n llave en mano.<\/p>\t\t\t\t\t\t\t\t<\/div>\n\t\t\t\t<\/div>\n\t\t\t\t<\/div>\n\t\t\t\t\t<\/div>\n\t\t\t\t<\/div>\n\t\t\t\t<\/div>","protected":false},"excerpt":{"rendered":"<p>Eficiencia energ\u00e9tica Eficiencia energ\u00e9tica El Sistema de Comercio de Emisiones 2 (ETS 2) es una extensi\u00f3n del sistema existente de comercio de emisiones de la UE (ETS), dise\u00f1ado para incluir sectores que anteriormente no estaban regulados, como la calefacci\u00f3n residencial, transporte por carretera, y peque\u00f1a mediana industria en general. Este nuevo r\u00e9gimen se implementar\u00e1 en [&hellip;]<\/p>\n","protected":false},"author":1,"featured_media":0,"parent":0,"menu_order":2,"comment_status":"closed","ping_status":"closed","template":"","meta":{"_joinchat":[],"footnotes":""},"class_list":["post-1126","page","type-page","status-publish","hentry"],"yoast_head":"<!-- This site is optimized with the Yoast SEO plugin v27.5 - https:\/\/yoast.com\/product\/yoast-seo-wordpress\/ -->\n<title>Eficiencia energ\u00e9tica - IGe2 Energ\u00eda<\/title>\n<meta name=\"description\" content=\"Ingenier\u00eda y eficiencia energ\u00e9tica para industria y edificios. Optimizaci\u00f3n de consumos t\u00e9rmicos y el\u00e9ctricos con soluciones rentables e IA.\" \/>\n<meta name=\"robots\" content=\"index, follow, max-snippet:-1, max-image-preview:large, max-video-preview:-1\" \/>\n<link rel=\"canonical\" href=\"https:\/\/www.ige2.com\/en\/eficiencia-energetica\/\" \/>\n<meta property=\"og:locale\" content=\"en_US\" \/>\n<meta property=\"og:type\" content=\"article\" \/>\n<meta property=\"og:title\" content=\"Eficiencia energ\u00e9tica - IGe2 Energ\u00eda\" \/>\n<meta property=\"og:description\" content=\"Ingenier\u00eda y eficiencia energ\u00e9tica para industria y edificios. Optimizaci\u00f3n de consumos t\u00e9rmicos y el\u00e9ctricos con soluciones rentables e IA.\" \/>\n<meta property=\"og:url\" content=\"https:\/\/www.ige2.com\/en\/eficiencia-energetica\/\" \/>\n<meta property=\"og:site_name\" content=\"IGe2 Energ\u00eda\" \/>\n<meta property=\"article:publisher\" content=\"http:\/\/www.facebook.com\/IGe2energia\" \/>\n<meta property=\"article:modified_time\" content=\"2026-04-24T11:54:10+00:00\" \/>\n<meta property=\"og:image\" content=\"https:\/\/www.ige2.com\/wp-content\/uploads\/2026\/04\/mockup-of-hand-with-light-bulb-for-solar-energy-in-2026-03-25-05-00-01-utc.jpg\" \/>\n\t<meta property=\"og:image:width\" content=\"766\" \/>\n\t<meta property=\"og:image:height\" content=\"1200\" \/>\n\t<meta property=\"og:image:type\" content=\"image\/jpeg\" \/>\n<meta name=\"twitter:card\" content=\"summary_large_image\" \/>\n<meta name=\"twitter:site\" content=\"@Ige2E\" \/>\n<script type=\"application\/ld+json\" class=\"yoast-schema-graph\">{\"@context\":\"https:\\\/\\\/schema.org\",\"@graph\":[{\"@type\":\"WebPage\",\"@id\":\"https:\\\/\\\/www.ige2.com\\\/eficiencia-energetica\\\/\",\"url\":\"https:\\\/\\\/www.ige2.com\\\/eficiencia-energetica\\\/\",\"name\":\"Eficiencia energ\u00e9tica - IGe2 Energ\u00eda\",\"isPartOf\":{\"@id\":\"https:\\\/\\\/www.ige2.com\\\/#website\"},\"primaryImageOfPage\":{\"@id\":\"https:\\\/\\\/www.ige2.com\\\/eficiencia-energetica\\\/#primaryimage\"},\"image\":{\"@id\":\"https:\\\/\\\/www.ige2.com\\\/eficiencia-energetica\\\/#primaryimage\"},\"thumbnailUrl\":\"https:\\\/\\\/www.ige2.com\\\/wp-content\\\/uploads\\\/2026\\\/04\\\/mockup-of-hand-with-light-bulb-for-solar-energy-in-2026-03-25-05-00-01-utc.jpg\",\"datePublished\":\"2026-04-16T14:57:48+00:00\",\"dateModified\":\"2026-04-24T11:54:10+00:00\",\"description\":\"Ingenier\u00eda y eficiencia energ\u00e9tica para industria y edificios. Optimizaci\u00f3n de consumos t\u00e9rmicos y el\u00e9ctricos con soluciones rentables e IA.\",\"breadcrumb\":{\"@id\":\"https:\\\/\\\/www.ige2.com\\\/eficiencia-energetica\\\/#breadcrumb\"},\"inLanguage\":\"en-US\",\"potentialAction\":[{\"@type\":\"ReadAction\",\"target\":[\"https:\\\/\\\/www.ige2.com\\\/eficiencia-energetica\\\/\"]}]},{\"@type\":\"ImageObject\",\"inLanguage\":\"en-US\",\"@id\":\"https:\\\/\\\/www.ige2.com\\\/eficiencia-energetica\\\/#primaryimage\",\"url\":\"https:\\\/\\\/www.ige2.com\\\/wp-content\\\/uploads\\\/2026\\\/04\\\/mockup-of-hand-with-light-bulb-for-solar-energy-in-2026-03-25-05-00-01-utc.jpg\",\"contentUrl\":\"https:\\\/\\\/www.ige2.com\\\/wp-content\\\/uploads\\\/2026\\\/04\\\/mockup-of-hand-with-light-bulb-for-solar-energy-in-2026-03-25-05-00-01-utc.jpg\"},{\"@type\":\"BreadcrumbList\",\"@id\":\"https:\\\/\\\/www.ige2.com\\\/eficiencia-energetica\\\/#breadcrumb\",\"itemListElement\":[{\"@type\":\"ListItem\",\"position\":1,\"name\":\"Inicio\",\"item\":\"https:\\\/\\\/www.ige2.com\\\/\"},{\"@type\":\"ListItem\",\"position\":2,\"name\":\"Eficiencia energ\u00e9tica\"}]},{\"@type\":\"WebSite\",\"@id\":\"https:\\\/\\\/www.ige2.com\\\/#website\",\"url\":\"https:\\\/\\\/www.ige2.com\\\/\",\"name\":\"IGe2 Energ\u00eda\",\"description\":\"Asesores energ\u00e9ticos\",\"publisher\":{\"@id\":\"https:\\\/\\\/www.ige2.com\\\/#organization\"},\"potentialAction\":[{\"@type\":\"SearchAction\",\"target\":{\"@type\":\"EntryPoint\",\"urlTemplate\":\"https:\\\/\\\/www.ige2.com\\\/?s={search_term_string}\"},\"query-input\":{\"@type\":\"PropertyValueSpecification\",\"valueRequired\":true,\"valueName\":\"search_term_string\"}}],\"inLanguage\":\"en-US\"},{\"@type\":\"Organization\",\"@id\":\"https:\\\/\\\/www.ige2.com\\\/#organization\",\"name\":\"IGe2 Energ\u00eda\",\"url\":\"https:\\\/\\\/www.ige2.com\\\/\",\"logo\":{\"@type\":\"ImageObject\",\"inLanguage\":\"en-US\",\"@id\":\"https:\\\/\\\/www.ige2.com\\\/#\\\/schema\\\/logo\\\/image\\\/\",\"url\":\"https:\\\/\\\/www.ige2.com\\\/wp-content\\\/uploads\\\/2026\\\/04\\\/IGe2_Verde_ClaroRecurso-11x-e1589913511656.png\",\"contentUrl\":\"https:\\\/\\\/www.ige2.com\\\/wp-content\\\/uploads\\\/2026\\\/04\\\/IGe2_Verde_ClaroRecurso-11x-e1589913511656.png\",\"width\":200,\"height\":116,\"caption\":\"IGe2 Energ\u00eda\"},\"image\":{\"@id\":\"https:\\\/\\\/www.ige2.com\\\/#\\\/schema\\\/logo\\\/image\\\/\"},\"sameAs\":[\"http:\\\/\\\/www.facebook.com\\\/IGe2energia\",\"https:\\\/\\\/x.com\\\/Ige2E\",\"https:\\\/\\\/www.linkedin.com\\\/company\\\/ige2-energia\"]}]}<\/script>\n<!-- \/ Yoast SEO plugin. -->","yoast_head_json":{"title":"Eficiencia energ\u00e9tica - IGe2 Energ\u00eda","description":"Ingenier\u00eda y eficiencia energ\u00e9tica para industria y edificios. Optimizaci\u00f3n de consumos t\u00e9rmicos y el\u00e9ctricos con soluciones rentables e IA.","robots":{"index":"index","follow":"follow","max-snippet":"max-snippet:-1","max-image-preview":"max-image-preview:large","max-video-preview":"max-video-preview:-1"},"canonical":"https:\/\/www.ige2.com\/en\/eficiencia-energetica\/","og_locale":"en_US","og_type":"article","og_title":"Eficiencia energ\u00e9tica - IGe2 Energ\u00eda","og_description":"Ingenier\u00eda y eficiencia energ\u00e9tica para industria y edificios. Optimizaci\u00f3n de consumos t\u00e9rmicos y el\u00e9ctricos con soluciones rentables e IA.","og_url":"https:\/\/www.ige2.com\/en\/eficiencia-energetica\/","og_site_name":"IGe2 Energ\u00eda","article_publisher":"http:\/\/www.facebook.com\/IGe2energia","article_modified_time":"2026-04-24T11:54:10+00:00","og_image":[{"width":766,"height":1200,"url":"https:\/\/www.ige2.com\/wp-content\/uploads\/2026\/04\/mockup-of-hand-with-light-bulb-for-solar-energy-in-2026-03-25-05-00-01-utc.jpg","type":"image\/jpeg"}],"twitter_card":"summary_large_image","twitter_site":"@Ige2E","schema":{"@context":"https:\/\/schema.org","@graph":[{"@type":"WebPage","@id":"https:\/\/www.ige2.com\/eficiencia-energetica\/","url":"https:\/\/www.ige2.com\/eficiencia-energetica\/","name":"Eficiencia energ\u00e9tica - IGe2 Energ\u00eda","isPartOf":{"@id":"https:\/\/www.ige2.com\/#website"},"primaryImageOfPage":{"@id":"https:\/\/www.ige2.com\/eficiencia-energetica\/#primaryimage"},"image":{"@id":"https:\/\/www.ige2.com\/eficiencia-energetica\/#primaryimage"},"thumbnailUrl":"https:\/\/www.ige2.com\/wp-content\/uploads\/2026\/04\/mockup-of-hand-with-light-bulb-for-solar-energy-in-2026-03-25-05-00-01-utc.jpg","datePublished":"2026-04-16T14:57:48+00:00","dateModified":"2026-04-24T11:54:10+00:00","description":"Ingenier\u00eda y eficiencia energ\u00e9tica para industria y edificios. Optimizaci\u00f3n de consumos t\u00e9rmicos y el\u00e9ctricos con soluciones rentables e IA.","breadcrumb":{"@id":"https:\/\/www.ige2.com\/eficiencia-energetica\/#breadcrumb"},"inLanguage":"en-US","potentialAction":[{"@type":"ReadAction","target":["https:\/\/www.ige2.com\/eficiencia-energetica\/"]}]},{"@type":"ImageObject","inLanguage":"en-US","@id":"https:\/\/www.ige2.com\/eficiencia-energetica\/#primaryimage","url":"https:\/\/www.ige2.com\/wp-content\/uploads\/2026\/04\/mockup-of-hand-with-light-bulb-for-solar-energy-in-2026-03-25-05-00-01-utc.jpg","contentUrl":"https:\/\/www.ige2.com\/wp-content\/uploads\/2026\/04\/mockup-of-hand-with-light-bulb-for-solar-energy-in-2026-03-25-05-00-01-utc.jpg"},{"@type":"BreadcrumbList","@id":"https:\/\/www.ige2.com\/eficiencia-energetica\/#breadcrumb","itemListElement":[{"@type":"ListItem","position":1,"name":"Inicio","item":"https:\/\/www.ige2.com\/"},{"@type":"ListItem","position":2,"name":"Eficiencia energ\u00e9tica"}]},{"@type":"WebSite","@id":"https:\/\/www.ige2.com\/#website","url":"https:\/\/www.ige2.com\/","name":"IGe2 Energy","description":"Energy consultants","publisher":{"@id":"https:\/\/www.ige2.com\/#organization"},"potentialAction":[{"@type":"SearchAction","target":{"@type":"EntryPoint","urlTemplate":"https:\/\/www.ige2.com\/?s={search_term_string}"},"query-input":{"@type":"PropertyValueSpecification","valueRequired":true,"valueName":"search_term_string"}}],"inLanguage":"en-US"},{"@type":"Organization","@id":"https:\/\/www.ige2.com\/#organization","name":"IGe2 Energy","url":"https:\/\/www.ige2.com\/","logo":{"@type":"ImageObject","inLanguage":"en-US","@id":"https:\/\/www.ige2.com\/#\/schema\/logo\/image\/","url":"https:\/\/www.ige2.com\/wp-content\/uploads\/2026\/04\/IGe2_Verde_ClaroRecurso-11x-e1589913511656.png","contentUrl":"https:\/\/www.ige2.com\/wp-content\/uploads\/2026\/04\/IGe2_Verde_ClaroRecurso-11x-e1589913511656.png","width":200,"height":116,"caption":"IGe2 Energ\u00eda"},"image":{"@id":"https:\/\/www.ige2.com\/#\/schema\/logo\/image\/"},"sameAs":["http:\/\/www.facebook.com\/IGe2energia","https:\/\/x.com\/Ige2E","https:\/\/www.linkedin.com\/company\/ige2-energia"]}]}},"_links":{"self":[{"href":"https:\/\/www.ige2.com\/en\/wp-json\/wp\/v2\/pages\/1126","targetHints":{"allow":["GET"]}}],"collection":[{"href":"https:\/\/www.ige2.com\/en\/wp-json\/wp\/v2\/pages"}],"about":[{"href":"https:\/\/www.ige2.com\/en\/wp-json\/wp\/v2\/types\/page"}],"author":[{"embeddable":true,"href":"https:\/\/www.ige2.com\/en\/wp-json\/wp\/v2\/users\/1"}],"replies":[{"embeddable":true,"href":"https:\/\/www.ige2.com\/en\/wp-json\/wp\/v2\/comments?post=1126"}],"version-history":[{"count":29,"href":"https:\/\/www.ige2.com\/en\/wp-json\/wp\/v2\/pages\/1126\/revisions"}],"predecessor-version":[{"id":1298,"href":"https:\/\/www.ige2.com\/en\/wp-json\/wp\/v2\/pages\/1126\/revisions\/1298"}],"wp:attachment":[{"href":"https:\/\/www.ige2.com\/en\/wp-json\/wp\/v2\/media?parent=1126"}],"curies":[{"name":"wp","href":"https:\/\/api.w.org\/{rel}","templated":true}]}}