{"id":1116,"date":"2026-04-16T16:48:24","date_gmt":"2026-04-16T14:48:24","guid":{"rendered":"https:\/\/www.ige2.com\/?page_id=1116"},"modified":"2026-04-24T13:53:23","modified_gmt":"2026-04-24T11:53:23","slug":"mejores-ofertas-en-luz-y-gas","status":"publish","type":"page","link":"https:\/\/www.ige2.com\/en\/mejores-ofertas-en-luz-y-gas\/","title":{"rendered":"Best deals on electricity and gas"},"content":{"rendered":"<div data-elementor-type=\"wp-page\" data-elementor-id=\"1116\" class=\"elementor elementor-1116\" data-elementor-post-type=\"page\">\n\t\t\t\t<div class=\"elementor-element elementor-element-60ea8593 e-flex e-con-boxed e-con e-parent\" data-id=\"60ea8593\" data-element_type=\"container\" data-e-type=\"container\" data-settings=\"{&quot;background_background&quot;:&quot;classic&quot;,&quot;ekit_has_onepagescroll_dot&quot;:&quot;yes&quot;}\">\n\t\t\t\t\t<div class=\"e-con-inner\">\n\t\t<div class=\"elementor-element elementor-element-ba84cd2 e-flex e-con-boxed e-con e-child\" data-id=\"ba84cd2\" data-element_type=\"container\" data-e-type=\"container\" data-settings=\"{&quot;ekit_has_onepagescroll_dot&quot;:&quot;yes&quot;}\">\n\t\t\t\t\t<div class=\"e-con-inner\">\n\t\t\t\t<div class=\"elementor-element elementor-element-743b376c elementor-widget elementor-widget-elementskit-heading\" data-id=\"743b376c\" data-element_type=\"widget\" data-e-type=\"widget\" data-settings=\"{&quot;ekit_we_effect_on&quot;:&quot;none&quot;}\" data-widget_type=\"elementskit-heading.default\">\n\t\t\t\t<div class=\"elementor-widget-container\">\n\t\t\t\t\t<div class=\"ekit-wid-con\" ><div class=\"ekit-heading elementskit-section-title-wraper text_center   ekit_heading_tablet-   ekit_heading_mobile-\"><h1 class=\"ekit-heading--title elementskit-section-title text_fill\">Mejores ofertas en <span><span>luz y gas<\/span><\/span><\/h1><\/div><\/div>\t\t\t\t<\/div>\n\t\t\t\t<\/div>\n\t\t\t\t\t<\/div>\n\t\t\t\t<\/div>\n\t\t\t\t\t<\/div>\n\t\t\t\t<\/div>\n\t\t<div class=\"elementor-element elementor-element-6d8cd49f e-flex e-con-boxed e-con e-parent\" data-id=\"6d8cd49f\" data-element_type=\"container\" data-e-type=\"container\" data-settings=\"{&quot;background_background&quot;:&quot;classic&quot;,&quot;ekit_has_onepagescroll_dot&quot;:&quot;yes&quot;}\">\n\t\t\t\t\t<div class=\"e-con-inner\">\n\t\t<div class=\"elementor-element elementor-element-4e3ff2fd e-con-full e-flex e-con e-child\" data-id=\"4e3ff2fd\" data-element_type=\"container\" data-e-type=\"container\" data-settings=\"{&quot;ekit_has_onepagescroll_dot&quot;:&quot;yes&quot;}\">\n\t\t\t\t<div class=\"elementor-element elementor-element-4fafbc47 elementor-widget elementor-widget-image\" data-id=\"4fafbc47\" data-element_type=\"widget\" data-e-type=\"widget\" data-settings=\"{&quot;ekit_we_effect_on&quot;:&quot;none&quot;}\" data-widget_type=\"image.default\">\n\t\t\t\t<div class=\"elementor-widget-container\">\n\t\t\t\t\t\t\t\t\t\t\t\t\t\t\t<img decoding=\"async\" src=\"https:\/\/www.ige2.com\/wp-content\/uploads\/elementor\/thumbs\/high-voltage-electric-pole-power-line-electric-2026-01-09-13-48-39-utc-rmvcshm8ebvi1abuvryc3w0z6491x5nrhqxd5je7r4.jpg\" title=\"\" alt=\"iGe2 Energy\" loading=\"lazy\" \/>\t\t\t\t\t\t\t\t\t\t\t\t\t\t\t<\/div>\n\t\t\t\t<\/div>\n\t\t\t\t<\/div>\n\t\t<div class=\"elementor-element elementor-element-38da1620 e-con-full e-flex e-con e-child\" data-id=\"38da1620\" data-element_type=\"container\" data-e-type=\"container\" data-settings=\"{&quot;ekit_has_onepagescroll_dot&quot;:&quot;yes&quot;}\">\n\t\t\t\t<div class=\"elementor-element elementor-element-65899278 elementor-invisible elementor-widget elementor-widget-heading\" data-id=\"65899278\" data-element_type=\"widget\" data-e-type=\"widget\" data-settings=\"{&quot;_animation&quot;:&quot;fadeInUp&quot;,&quot;_animation_delay&quot;:200,&quot;ekit_we_effect_on&quot;:&quot;none&quot;}\" data-widget_type=\"heading.default\">\n\t\t\t\t<div class=\"elementor-widget-container\">\n\t\t\t\t\t<h2 class=\"elementor-heading-title elementor-size-default\">Estudios y asesoramiento en la compra de energ\u00eda<\/h2>\t\t\t\t<\/div>\n\t\t\t\t<\/div>\n\t\t\t\t<div class=\"elementor-element elementor-element-66628a36 elementor-widget elementor-widget-text-editor\" data-id=\"66628a36\" data-element_type=\"widget\" data-e-type=\"widget\" data-settings=\"{&quot;ekit_we_effect_on&quot;:&quot;none&quot;}\" data-widget_type=\"text-editor.default\">\n\t\t\t\t<div class=\"elementor-widget-container\">\n\t\t\t\t\t\t\t\t\t<p style=\"font-weight: 400;\">Todas las comercializadoras disponen de m\u00faltiples tarifas, precios fijos, indexados, con cierres a futuros, bater\u00eda virtual, etc. La \u00fanica forma de saber entre todas ellas, cual se adapta mejor a sus necesidades y el ahorro obtenido, <strong>es mediante un estudio gratuito comparativo entre todas las comercializadoras<\/strong>. En IGe2, disponemos de una plataforma con todas las comercializadoras m\u00e1s representativas del mercado, tanto en luz, como en gas natural.<\/p><p style=\"font-weight: 400;\">A diario nos encontramos con ofertas comerciales que no son ni reales ni verificables, (con descuentos, regalos y promociones), sin aportan ning\u00fan estudio comparativo entre las comercializadoras m\u00e1s representativas del mercado. <strong>Antes de contratar, inf\u00f3rmese, compare y verifique lo pactado<\/strong><\/p>\t\t\t\t\t\t\t\t<\/div>\n\t\t\t\t<\/div>\n\t\t\t\t<div class=\"elementor-element elementor-element-12874005 elementor-position-inline-start elementor-view-default elementor-mobile-position-block-start elementor-widget elementor-widget-icon-box\" data-id=\"12874005\" data-element_type=\"widget\" data-e-type=\"widget\" data-settings=\"{&quot;ekit_we_effect_on&quot;:&quot;none&quot;}\" data-widget_type=\"icon-box.default\">\n\t\t\t\t<div class=\"elementor-widget-container\">\n\t\t\t\t\t\t\t<div class=\"elementor-icon-box-wrapper\">\n\n\t\t\t\t\t\t<div class=\"elementor-icon-box-icon\">\n\t\t\t\t<span  class=\"elementor-icon\">\n\t\t\t\t<i aria-hidden=\"true\" class=\"icon icon-cloud-sync\"><\/i>\t\t\t\t<\/span>\n\t\t\t<\/div>\n\t\t\t\n\t\t\t\t\t\t<div class=\"elementor-icon-box-content\">\n\n\t\t\t\t\t\t\t\t\t<h3 class=\"elementor-icon-box-title\">\n\t\t\t\t\t\t<span  >\n\t\t\t\t\t\t\tOptimizar el consumo de energ\u00eda.\t\t\t\t\t\t<\/span>\n\t\t\t\t\t<\/h3>\n\t\t\t\t\n\t\t\t\t\n\t\t\t<\/div>\n\t\t\t\n\t\t<\/div>\n\t\t\t\t\t\t<\/div>\n\t\t\t\t<\/div>\n\t\t\t\t<div class=\"elementor-element elementor-element-5c3ba958 elementor-position-inline-start elementor-view-default elementor-mobile-position-block-start elementor-widget elementor-widget-icon-box\" data-id=\"5c3ba958\" data-element_type=\"widget\" data-e-type=\"widget\" data-settings=\"{&quot;ekit_we_effect_on&quot;:&quot;none&quot;}\" data-widget_type=\"icon-box.default\">\n\t\t\t\t<div class=\"elementor-widget-container\">\n\t\t\t\t\t\t\t<div class=\"elementor-icon-box-wrapper\">\n\n\t\t\t\t\t\t<div class=\"elementor-icon-box-icon\">\n\t\t\t\t<span  class=\"elementor-icon\">\n\t\t\t\t<i aria-hidden=\"true\" class=\"icon icon-energy-saving\"><\/i>\t\t\t\t<\/span>\n\t\t\t<\/div>\n\t\t\t\n\t\t\t\t\t\t<div class=\"elementor-icon-box-content\">\n\n\t\t\t\t\t\t\t\t\t<h3 class=\"elementor-icon-box-title\">\n\t\t\t\t\t\t<span  >\n\t\t\t\t\t\t\tVigilar el precio de nuestra contrata.\t\t\t\t\t\t<\/span>\n\t\t\t\t\t<\/h3>\n\t\t\t\t\n\t\t\t\t\n\t\t\t<\/div>\n\t\t\t\n\t\t<\/div>\n\t\t\t\t\t\t<\/div>\n\t\t\t\t<\/div>\n\t\t\t\t<div class=\"elementor-element elementor-element-563929be elementor-position-inline-start elementor-view-default elementor-mobile-position-block-start elementor-widget elementor-widget-icon-box\" data-id=\"563929be\" data-element_type=\"widget\" data-e-type=\"widget\" data-settings=\"{&quot;ekit_we_effect_on&quot;:&quot;none&quot;}\" data-widget_type=\"icon-box.default\">\n\t\t\t\t<div class=\"elementor-widget-container\">\n\t\t\t\t\t\t\t<div class=\"elementor-icon-box-wrapper\">\n\n\t\t\t\t\t\t<div class=\"elementor-icon-box-icon\">\n\t\t\t\t<span  class=\"elementor-icon\">\n\t\t\t\t<i aria-hidden=\"true\" class=\"icon icon-energy-saving\"><\/i>\t\t\t\t<\/span>\n\t\t\t<\/div>\n\t\t\t\n\t\t\t\t\t\t<div class=\"elementor-icon-box-content\">\n\n\t\t\t\t\t\t\t\t\t<h3 class=\"elementor-icon-box-title\">\n\t\t\t\t\t\t<span  >\n\t\t\t\t\t\t\tOptimizar el t\u00e9rmino de potencia.\t\t\t\t\t\t<\/span>\n\t\t\t\t\t<\/h3>\n\t\t\t\t\n\t\t\t\t\n\t\t\t<\/div>\n\t\t\t\n\t\t<\/div>\n\t\t\t\t\t\t<\/div>\n\t\t\t\t<\/div>\n\t\t\t\t<\/div>\n\t\t\t\t\t<\/div>\n\t\t\t\t<\/div>\n\t\t<div class=\"elementor-element elementor-element-3a820bb5 e-flex e-con-boxed e-con e-parent\" data-id=\"3a820bb5\" data-element_type=\"container\" data-e-type=\"container\" data-settings=\"{&quot;background_background&quot;:&quot;classic&quot;,&quot;ekit_has_onepagescroll_dot&quot;:&quot;yes&quot;}\">\n\t\t\t\t\t<div class=\"e-con-inner\">\n\t\t<div class=\"elementor-element elementor-element-509460fa e-con-full e-flex e-con e-child\" data-id=\"509460fa\" data-element_type=\"container\" data-e-type=\"container\" data-settings=\"{&quot;ekit_has_onepagescroll_dot&quot;:&quot;yes&quot;}\">\n\t\t\t\t<div class=\"elementor-element elementor-element-49946b1 elementor-invisible elementor-widget elementor-widget-heading\" data-id=\"49946b1\" data-element_type=\"widget\" data-e-type=\"widget\" data-settings=\"{&quot;_animation&quot;:&quot;fadeInUp&quot;,&quot;_animation_delay&quot;:200,&quot;ekit_we_effect_on&quot;:&quot;none&quot;}\" data-widget_type=\"heading.default\">\n\t\t\t\t<div class=\"elementor-widget-container\">\n\t\t\t\t\t<h2 class=\"elementor-heading-title elementor-size-default\">Verificamos que lo contratado se ajusta realmente a lo ofertado<\/h2>\t\t\t\t<\/div>\n\t\t\t\t<\/div>\n\t\t\t\t<div class=\"elementor-element elementor-element-64710263 elementor-widget elementor-widget-text-editor\" data-id=\"64710263\" data-element_type=\"widget\" data-e-type=\"widget\" data-settings=\"{&quot;ekit_we_effect_on&quot;:&quot;none&quot;}\" data-widget_type=\"text-editor.default\">\n\t\t\t\t<div class=\"elementor-widget-container\">\n\t\t\t\t\t\t\t\t\t<p style=\"font-weight: 400;\">Le asesoramos sobre el Reglamento general de suministro, comercializaci\u00f3n y agregaci\u00f3n de energ\u00eda el\u00e9ctrica RD 88\/2026 y optimizamos la potencia contratada, incluso en la cancelaci\u00f3n y renovaci\u00f3n del contrato.<\/p><p style=\"font-weight: 400;\">Adem\u00e1s, podemos contratar el \u201c<strong>servicio de respuesta activa de la demanda<\/strong>\u201d, con el gran ahorro que proporciona para clientes determinados, a partir de 100 kW de potencia.<\/p>\t\t\t\t\t\t\t\t<\/div>\n\t\t\t\t<\/div>\n\t\t\t\t<\/div>\n\t\t\t\t\t<\/div>\n\t\t\t\t<\/div>\n\t\t<div class=\"elementor-element elementor-element-5735c08 e-flex e-con-boxed e-con e-parent\" data-id=\"5735c08\" data-element_type=\"container\" data-e-type=\"container\" data-settings=\"{&quot;background_background&quot;:&quot;classic&quot;,&quot;ekit_has_onepagescroll_dot&quot;:&quot;yes&quot;}\">\n\t\t\t\t\t<div class=\"e-con-inner\">\n\t\t\t\t<div class=\"elementor-element elementor-element-9470a2f elementor-widget elementor-widget-image\" data-id=\"9470a2f\" data-element_type=\"widget\" data-e-type=\"widget\" data-settings=\"{&quot;ekit_we_effect_on&quot;:&quot;none&quot;}\" data-widget_type=\"image.default\">\n\t\t\t\t<div class=\"elementor-widget-container\">\n\t\t\t\t\t\t\t\t\t\t\t\t\t\t\t<img fetchpriority=\"high\" decoding=\"async\" width=\"1368\" height=\"928\" src=\"https:\/\/www.ige2.com\/wp-content\/uploads\/2026\/04\/Imagen-1.jpg\" class=\"attachment-full size-full wp-image-1119\" alt=\"iGe2 Energy\" srcset=\"https:\/\/www.ige2.com\/wp-content\/uploads\/2026\/04\/Imagen-1.jpg 1368w, https:\/\/www.ige2.com\/wp-content\/uploads\/2026\/04\/Imagen-1-300x204.jpg 300w, https:\/\/www.ige2.com\/wp-content\/uploads\/2026\/04\/Imagen-1-1024x695.jpg 1024w, https:\/\/www.ige2.com\/wp-content\/uploads\/2026\/04\/Imagen-1-768x521.jpg 768w, https:\/\/www.ige2.com\/wp-content\/uploads\/2026\/04\/Imagen-1-18x12.jpg 18w\" sizes=\"(max-width: 1368px) 100vw, 1368px\" \/>\t\t\t\t\t\t\t\t\t\t\t\t\t\t\t<\/div>\n\t\t\t\t<\/div>\n\t\t\t\t\t<\/div>\n\t\t\t\t<\/div>\n\t\t\t\t<\/div>","protected":false},"excerpt":{"rendered":"<p>Mejores ofertas en luz y gas Estudios y asesoramiento en la compra de energ\u00eda Todas las comercializadoras disponen de m\u00faltiples tarifas, precios fijos, indexados, con cierres a futuros, bater\u00eda virtual, etc. La \u00fanica forma de saber entre todas ellas, cual se adapta mejor a sus necesidades y el ahorro obtenido, es mediante un estudio gratuito [&hellip;]<\/p>\n","protected":false},"author":1,"featured_media":0,"parent":0,"menu_order":1,"comment_status":"closed","ping_status":"closed","template":"","meta":{"_joinchat":[],"footnotes":""},"class_list":["post-1116","page","type-page","status-publish","hentry"],"yoast_head":"<!-- This site is optimized with the Yoast SEO plugin v27.5 - https:\/\/yoast.com\/product\/yoast-seo-wordpress\/ -->\n<title>Mejores ofertas en luz y gas - IGe2 Energ\u00eda<\/title>\n<meta name=\"description\" content=\"Comparamos tarifas de luz y gas para empresas. Reducimos costes energ\u00e9ticos con asesoramiento independiente y optimizaci\u00f3n de contratos.\" \/>\n<meta name=\"robots\" content=\"index, follow, max-snippet:-1, max-image-preview:large, max-video-preview:-1\" \/>\n<link rel=\"canonical\" href=\"https:\/\/www.ige2.com\/en\/mejores-ofertas-en-luz-y-gas\/\" \/>\n<meta property=\"og:locale\" content=\"en_US\" \/>\n<meta property=\"og:type\" content=\"article\" \/>\n<meta property=\"og:title\" content=\"Mejores ofertas en luz y gas - IGe2 Energ\u00eda\" \/>\n<meta property=\"og:description\" content=\"Comparamos tarifas de luz y gas para empresas. Reducimos costes energ\u00e9ticos con asesoramiento independiente y optimizaci\u00f3n de contratos.\" \/>\n<meta property=\"og:url\" content=\"https:\/\/www.ige2.com\/en\/mejores-ofertas-en-luz-y-gas\/\" \/>\n<meta property=\"og:site_name\" content=\"IGe2 Energ\u00eda\" \/>\n<meta property=\"article:publisher\" content=\"http:\/\/www.facebook.com\/IGe2energia\" \/>\n<meta property=\"article:modified_time\" content=\"2026-04-24T11:53:23+00:00\" \/>\n<meta property=\"og:image\" content=\"https:\/\/www.ige2.com\/wp-content\/uploads\/elementor\/thumbs\/high-voltage-electric-pole-power-line-electric-2026-01-09-13-48-39-utc-rlt26prfaygf92cewj7pzag2qt37q1wcd6almjydvk.jpg\" \/>\n<meta name=\"twitter:card\" content=\"summary_large_image\" \/>\n<meta name=\"twitter:site\" content=\"@Ige2E\" \/>\n<script type=\"application\/ld+json\" class=\"yoast-schema-graph\">{\"@context\":\"https:\\\/\\\/schema.org\",\"@graph\":[{\"@type\":\"WebPage\",\"@id\":\"https:\\\/\\\/www.ige2.com\\\/mejores-ofertas-en-luz-y-gas\\\/\",\"url\":\"https:\\\/\\\/www.ige2.com\\\/mejores-ofertas-en-luz-y-gas\\\/\",\"name\":\"Mejores ofertas en luz y gas - IGe2 Energ\u00eda\",\"isPartOf\":{\"@id\":\"https:\\\/\\\/www.ige2.com\\\/#website\"},\"primaryImageOfPage\":{\"@id\":\"https:\\\/\\\/www.ige2.com\\\/mejores-ofertas-en-luz-y-gas\\\/#primaryimage\"},\"image\":{\"@id\":\"https:\\\/\\\/www.ige2.com\\\/mejores-ofertas-en-luz-y-gas\\\/#primaryimage\"},\"thumbnailUrl\":\"https:\\\/\\\/www.ige2.com\\\/wp-content\\\/uploads\\\/elementor\\\/thumbs\\\/high-voltage-electric-pole-power-line-electric-2026-01-09-13-48-39-utc-rlt26prfaygf92cewj7pzag2qt37q1wcd6almjydvk.jpg\",\"datePublished\":\"2026-04-16T14:48:24+00:00\",\"dateModified\":\"2026-04-24T11:53:23+00:00\",\"description\":\"Comparamos tarifas de luz y gas para empresas. Reducimos costes energ\u00e9ticos con asesoramiento independiente y optimizaci\u00f3n de contratos.\",\"breadcrumb\":{\"@id\":\"https:\\\/\\\/www.ige2.com\\\/mejores-ofertas-en-luz-y-gas\\\/#breadcrumb\"},\"inLanguage\":\"en-US\",\"potentialAction\":[{\"@type\":\"ReadAction\",\"target\":[\"https:\\\/\\\/www.ige2.com\\\/mejores-ofertas-en-luz-y-gas\\\/\"]}]},{\"@type\":\"ImageObject\",\"inLanguage\":\"en-US\",\"@id\":\"https:\\\/\\\/www.ige2.com\\\/mejores-ofertas-en-luz-y-gas\\\/#primaryimage\",\"url\":\"https:\\\/\\\/www.ige2.com\\\/wp-content\\\/uploads\\\/elementor\\\/thumbs\\\/high-voltage-electric-pole-power-line-electric-2026-01-09-13-48-39-utc-rlt26prfaygf92cewj7pzag2qt37q1wcd6almjydvk.jpg\",\"contentUrl\":\"https:\\\/\\\/www.ige2.com\\\/wp-content\\\/uploads\\\/elementor\\\/thumbs\\\/high-voltage-electric-pole-power-line-electric-2026-01-09-13-48-39-utc-rlt26prfaygf92cewj7pzag2qt37q1wcd6almjydvk.jpg\"},{\"@type\":\"BreadcrumbList\",\"@id\":\"https:\\\/\\\/www.ige2.com\\\/mejores-ofertas-en-luz-y-gas\\\/#breadcrumb\",\"itemListElement\":[{\"@type\":\"ListItem\",\"position\":1,\"name\":\"Inicio\",\"item\":\"https:\\\/\\\/www.ige2.com\\\/\"},{\"@type\":\"ListItem\",\"position\":2,\"name\":\"Mejores ofertas en luz y gas\"}]},{\"@type\":\"WebSite\",\"@id\":\"https:\\\/\\\/www.ige2.com\\\/#website\",\"url\":\"https:\\\/\\\/www.ige2.com\\\/\",\"name\":\"IGe2 Energ\u00eda\",\"description\":\"Asesores energ\u00e9ticos\",\"publisher\":{\"@id\":\"https:\\\/\\\/www.ige2.com\\\/#organization\"},\"potentialAction\":[{\"@type\":\"SearchAction\",\"target\":{\"@type\":\"EntryPoint\",\"urlTemplate\":\"https:\\\/\\\/www.ige2.com\\\/?s={search_term_string}\"},\"query-input\":{\"@type\":\"PropertyValueSpecification\",\"valueRequired\":true,\"valueName\":\"search_term_string\"}}],\"inLanguage\":\"en-US\"},{\"@type\":\"Organization\",\"@id\":\"https:\\\/\\\/www.ige2.com\\\/#organization\",\"name\":\"IGe2 Energ\u00eda\",\"url\":\"https:\\\/\\\/www.ige2.com\\\/\",\"logo\":{\"@type\":\"ImageObject\",\"inLanguage\":\"en-US\",\"@id\":\"https:\\\/\\\/www.ige2.com\\\/#\\\/schema\\\/logo\\\/image\\\/\",\"url\":\"https:\\\/\\\/www.ige2.com\\\/wp-content\\\/uploads\\\/2026\\\/04\\\/IGe2_Verde_ClaroRecurso-11x-e1589913511656.png\",\"contentUrl\":\"https:\\\/\\\/www.ige2.com\\\/wp-content\\\/uploads\\\/2026\\\/04\\\/IGe2_Verde_ClaroRecurso-11x-e1589913511656.png\",\"width\":200,\"height\":116,\"caption\":\"IGe2 Energ\u00eda\"},\"image\":{\"@id\":\"https:\\\/\\\/www.ige2.com\\\/#\\\/schema\\\/logo\\\/image\\\/\"},\"sameAs\":[\"http:\\\/\\\/www.facebook.com\\\/IGe2energia\",\"https:\\\/\\\/x.com\\\/Ige2E\",\"https:\\\/\\\/www.linkedin.com\\\/company\\\/ige2-energia\"]}]}<\/script>\n<!-- \/ Yoast SEO plugin. -->","yoast_head_json":{"title":"Mejores ofertas en luz y gas - IGe2 Energ\u00eda","description":"Comparamos tarifas de luz y gas para empresas. Reducimos costes energ\u00e9ticos con asesoramiento independiente y optimizaci\u00f3n de contratos.","robots":{"index":"index","follow":"follow","max-snippet":"max-snippet:-1","max-image-preview":"max-image-preview:large","max-video-preview":"max-video-preview:-1"},"canonical":"https:\/\/www.ige2.com\/en\/mejores-ofertas-en-luz-y-gas\/","og_locale":"en_US","og_type":"article","og_title":"Mejores ofertas en luz y gas - IGe2 Energ\u00eda","og_description":"Comparamos tarifas de luz y gas para empresas. Reducimos costes energ\u00e9ticos con asesoramiento independiente y optimizaci\u00f3n de contratos.","og_url":"https:\/\/www.ige2.com\/en\/mejores-ofertas-en-luz-y-gas\/","og_site_name":"IGe2 Energ\u00eda","article_publisher":"http:\/\/www.facebook.com\/IGe2energia","article_modified_time":"2026-04-24T11:53:23+00:00","og_image":[{"url":"https:\/\/www.ige2.com\/wp-content\/uploads\/elementor\/thumbs\/high-voltage-electric-pole-power-line-electric-2026-01-09-13-48-39-utc-rlt26prfaygf92cewj7pzag2qt37q1wcd6almjydvk.jpg","type":"","width":"","height":""}],"twitter_card":"summary_large_image","twitter_site":"@Ige2E","schema":{"@context":"https:\/\/schema.org","@graph":[{"@type":"WebPage","@id":"https:\/\/www.ige2.com\/mejores-ofertas-en-luz-y-gas\/","url":"https:\/\/www.ige2.com\/mejores-ofertas-en-luz-y-gas\/","name":"Mejores ofertas en luz y gas - IGe2 Energ\u00eda","isPartOf":{"@id":"https:\/\/www.ige2.com\/#website"},"primaryImageOfPage":{"@id":"https:\/\/www.ige2.com\/mejores-ofertas-en-luz-y-gas\/#primaryimage"},"image":{"@id":"https:\/\/www.ige2.com\/mejores-ofertas-en-luz-y-gas\/#primaryimage"},"thumbnailUrl":"https:\/\/www.ige2.com\/wp-content\/uploads\/elementor\/thumbs\/high-voltage-electric-pole-power-line-electric-2026-01-09-13-48-39-utc-rlt26prfaygf92cewj7pzag2qt37q1wcd6almjydvk.jpg","datePublished":"2026-04-16T14:48:24+00:00","dateModified":"2026-04-24T11:53:23+00:00","description":"Comparamos tarifas de luz y gas para empresas. Reducimos costes energ\u00e9ticos con asesoramiento independiente y optimizaci\u00f3n de contratos.","breadcrumb":{"@id":"https:\/\/www.ige2.com\/mejores-ofertas-en-luz-y-gas\/#breadcrumb"},"inLanguage":"en-US","potentialAction":[{"@type":"ReadAction","target":["https:\/\/www.ige2.com\/mejores-ofertas-en-luz-y-gas\/"]}]},{"@type":"ImageObject","inLanguage":"en-US","@id":"https:\/\/www.ige2.com\/mejores-ofertas-en-luz-y-gas\/#primaryimage","url":"https:\/\/www.ige2.com\/wp-content\/uploads\/elementor\/thumbs\/high-voltage-electric-pole-power-line-electric-2026-01-09-13-48-39-utc-rlt26prfaygf92cewj7pzag2qt37q1wcd6almjydvk.jpg","contentUrl":"https:\/\/www.ige2.com\/wp-content\/uploads\/elementor\/thumbs\/high-voltage-electric-pole-power-line-electric-2026-01-09-13-48-39-utc-rlt26prfaygf92cewj7pzag2qt37q1wcd6almjydvk.jpg"},{"@type":"BreadcrumbList","@id":"https:\/\/www.ige2.com\/mejores-ofertas-en-luz-y-gas\/#breadcrumb","itemListElement":[{"@type":"ListItem","position":1,"name":"Inicio","item":"https:\/\/www.ige2.com\/"},{"@type":"ListItem","position":2,"name":"Mejores ofertas en luz y gas"}]},{"@type":"WebSite","@id":"https:\/\/www.ige2.com\/#website","url":"https:\/\/www.ige2.com\/","name":"IGe2 Energy","description":"Energy consultants","publisher":{"@id":"https:\/\/www.ige2.com\/#organization"},"potentialAction":[{"@type":"SearchAction","target":{"@type":"EntryPoint","urlTemplate":"https:\/\/www.ige2.com\/?s={search_term_string}"},"query-input":{"@type":"PropertyValueSpecification","valueRequired":true,"valueName":"search_term_string"}}],"inLanguage":"en-US"},{"@type":"Organization","@id":"https:\/\/www.ige2.com\/#organization","name":"IGe2 Energy","url":"https:\/\/www.ige2.com\/","logo":{"@type":"ImageObject","inLanguage":"en-US","@id":"https:\/\/www.ige2.com\/#\/schema\/logo\/image\/","url":"https:\/\/www.ige2.com\/wp-content\/uploads\/2026\/04\/IGe2_Verde_ClaroRecurso-11x-e1589913511656.png","contentUrl":"https:\/\/www.ige2.com\/wp-content\/uploads\/2026\/04\/IGe2_Verde_ClaroRecurso-11x-e1589913511656.png","width":200,"height":116,"caption":"IGe2 Energ\u00eda"},"image":{"@id":"https:\/\/www.ige2.com\/#\/schema\/logo\/image\/"},"sameAs":["http:\/\/www.facebook.com\/IGe2energia","https:\/\/x.com\/Ige2E","https:\/\/www.linkedin.com\/company\/ige2-energia"]}]}},"_links":{"self":[{"href":"https:\/\/www.ige2.com\/en\/wp-json\/wp\/v2\/pages\/1116","targetHints":{"allow":["GET"]}}],"collection":[{"href":"https:\/\/www.ige2.com\/en\/wp-json\/wp\/v2\/pages"}],"about":[{"href":"https:\/\/www.ige2.com\/en\/wp-json\/wp\/v2\/types\/page"}],"author":[{"embeddable":true,"href":"https:\/\/www.ige2.com\/en\/wp-json\/wp\/v2\/users\/1"}],"replies":[{"embeddable":true,"href":"https:\/\/www.ige2.com\/en\/wp-json\/wp\/v2\/comments?post=1116"}],"version-history":[{"count":17,"href":"https:\/\/www.ige2.com\/en\/wp-json\/wp\/v2\/pages\/1116\/revisions"}],"predecessor-version":[{"id":1295,"href":"https:\/\/www.ige2.com\/en\/wp-json\/wp\/v2\/pages\/1116\/revisions\/1295"}],"wp:attachment":[{"href":"https:\/\/www.ige2.com\/en\/wp-json\/wp\/v2\/media?parent=1116"}],"curies":[{"name":"wp","href":"https:\/\/api.w.org\/{rel}","templated":true}]}}